{"id":899,"date":"2017-08-03T10:04:15","date_gmt":"2017-08-03T10:04:15","guid":{"rendered":"http:\/\/maresme.cet10.com\/contacto-copy\/"},"modified":"2025-04-04T09:31:09","modified_gmt":"2025-04-04T07:31:09","slug":"servicio-de-fisioterapia","status":"publish","type":"page","link":"https:\/\/cemmaresme.com\/es\/servicio-de-fisioterapia\/","title":{"rendered":"Fisioterapia"},"content":{"rendered":"<div class=\"wpb-content-wrapper\"><p>[vc_row full_width=\u00bbstretch_row_content_no_spaces\u00bb css=\u00bb.vc_custom_1694611852637{background-image: url(https:\/\/cemmaresme.com\/wp-content\/uploads\/sites\/28\/2023\/09\/MRM-fisio.webp?id=19887) !important;background-position: center !important;background-repeat: no-repeat !important;background-size: cover !important;}\u00bb][vc_column offset=\u00bbvc_hidden-xs\u00bb][vc_custom_heading text=\u00bbFisioterapia: cuidamos de tu bienestar\u00bb font_container=\u00bbtag:h1|font_size:50px|text_align:center|color:%23ffffff|line_height:60px\u00bb use_theme_fonts=\u00bbyes\u00bb css=\u00bb.vc_custom_1694612193209{padding-top: 151px !important;padding-bottom: 160px !important;}\u00bb][\/vc_column][\/vc_row][vc_row full_width=\u00bbstretch_row_content_no_spaces\u00bb css=\u00bb.vc_custom_1694612100892{background-image: url(https:\/\/cemmaresme.com\/wp-content\/uploads\/sites\/28\/2023\/09\/MRM-fisio.webp?id=19887) !important;background-position: center !important;background-repeat: no-repeat !important;background-size: cover !important;}\u00bb][vc_column offset=\u00bbvc_hidden-lg vc_hidden-md vc_hidden-sm\u00bb css=\u00bb.vc_custom_1678193107420{margin-bottom: -10px !important;}\u00bb][vc_column_text css=\u00bb.vc_custom_1731500131256{padding-top: 90px !important;padding-bottom: 90px !important;}\u00bb]<\/p>\n<p style=\"text-align: center; font-family: Roboto; font-size: 35px; line-height: 40px;\"><span style=\"color: #ffffff;\"><strong>Fisioterapia: cuidamos<br \/>\nde tu bienestar<\/strong><\/span><\/p>\n<p>[\/vc_column_text][\/vc_column][\/vc_row][vc_row][vc_column width=\u00bb2\/3&#8243;][vc_custom_heading text=\u00bbServicios de fisioterapia\u00bb use_theme_fonts=\u00bbyes\u00bb][vc_column_text]En el <a href=\"https:\/\/cemmaresme.com\/es\/contacto\/\"><strong>CEM Maresme<\/strong><\/a> queremos ayudarte a mejorar tu salud. Por este motivo, te ofrecemos un servicio de fisioterapia donde podr\u00e1s obtener el tratamiento m\u00e1s adecuado para el bienestar de tu musculatura o para tu rehabilitaci\u00f3n. Las diferentes t\u00e9cnicas con las cuales trabajamos son las siguientes:[\/vc_column_text][vc_empty_space height=\u00bb5px\u00bb][vc_column_text]<ul class=\"standard-arrow list-divider bullet-top\"><li><p><strong>TERAPIA MANUAL<\/strong><\/p>\n<p>El tratamiento de las condiciones neuro-m\u00fasculo-esquel\u00e9ticas disfuncionales del ser humano, mediante manipulaciones musculares y articulares anal\u00edticas basadas en el estudio biomec\u00e1nico de las mismas, incluidas las de alta velocidad y corto rango de movimiento. <\/p>\n<\/li><li><p><strong>MASAJES TERAP\u00c9UTICOS, DEPORTIVOS Y RELAJANTES<\/strong><\/p>\n<p>El masaje es una forma de manipulaci\u00f3n de las capas superficiales y profundas de los m\u00fasculos del cuerpo utilizando varias t\u00e9cnicas. Los masajes ayudan a mejorar sus funciones en procesos de curaci\u00f3n, a disminuir la actividad refleja de los m\u00fasculos, a inhibir la excitabilidad motoneuronal y promueven la relajaci\u00f3n y el bienestar.<\/p>\n<\/li><li><p><b>T\u00c9CNICAS MIOFASCIALES<\/b><\/p>\n<p>Todas aquellas t\u00e9cnicas fisioter\u00e1picas destinadas al tratamiento del dolor de origen miofascial (muscular y fascial).<\/p>\n<\/li><li><p><b>VENTOSAS<\/b><\/p>\n<p>Se trata de uno de los m\u00e9todos terap\u00e9uticos empleados en la Medicina Tradicional China con la finalidad de provocar determinados est\u00edmulos cut\u00e1neos y tisulares mediante la producci\u00f3n del vac\u00edo.<\/p>\n<\/li><li><p><b>PUNCI\u00d3N SECA<\/b><\/p>\n<p>La t\u00e9cnica consiste en una punci\u00f3n del m\u00fasculo con una aguja est\u00e9ril de acupuntura con el objetivo de destruir la placa motora, disminuyendo el dolor y produciendo una relajaci\u00f3n muscular refleja con aumento de la elasticidad muscular.<\/p>\n<\/li><li><p><b>VENDAJE NEUROMUSCULAR (KINESIOTAPING)<\/b><\/p>\n<p>Consiste en la aplicaci\u00f3n de cintas de algod\u00f3n con un adhesivo acr\u00edlico usadas para tratar lesiones de atletas y otros trastornos f\u00edsicos como contracturas, dolores articulares y correcci\u00f3n postural. Tambi\u00e9n pueden ser utilizadas para el drenaje linf\u00e1tico y reducir los hematomas.<\/p>\n<\/li><li><p><b>REEDUCACI\u00d3N POSTURAL<\/b><\/p>\n<p>Consiste en la realizaci\u00f3n de una serie de ejercicios progresivos de estiramiento global llamados posturas. Es un m\u00e9todo de fisioterapia suave, progresivo y activo, aplicable en cualquier edad. <\/p>\n<\/li><li><p><b>REHABILITACI\u00d3N DE PR\u00d3TESIS<\/b><\/p>\n<p>Diferentes t\u00e9cnicas de fisioterapia para volver a recuperar la forma f\u00edsica, disminuir el dolor y aumentar la calidad de vida. <\/p>\n<\/li><li><p><b>READAPTACI\u00d3N<\/b><\/p>\n<p>Consiste en la preparaci\u00f3n del deportista para poder volver a realizar su deporte despu\u00e9s de una lesi\u00f3n. Es el \u00faltimo paso en una lesi\u00f3n antes de que el deportista regrese a estar al nivel para competir.<\/p>\n<\/li><li><p><b>NEURODIN\u00c1MICA<\/b><\/p>\n<p>T\u00e9cnica manual cuyo objetivo es la movilizaci\u00f3n del sistema nervioso perif\u00e9rico, ideal para patolog\u00edas de origen neural.<\/p>\n<\/li><\/ul><\/p>\n<p>\u00a1Te esperamos![\/vc_column_text][vc_video link=\u00bbhttps:\/\/youtu.be\/MSwOH5oUp-Q\u00bb][\/vc_column][vc_column width=\u00bb1\/3&#8243;][vc_column_text css=\u00bb.vc_custom_1694612410262{padding-top: 45px !important;padding-right: 35px !important;padding-bottom: 35px !important;padding-left: 35px !important;background-color: #f7f7f7 !important;}\u00bb]<\/p>\n<p style=\"text-align: center;\"><span style=\"font-size: 43pt;\"><strong><span style=\"color: #ff9900;\">\u00a1Inf\u00f3rmate!<\/span><\/strong><\/span><\/p>\n<p>D\u00e9janos tu correo electr\u00f3nico y en breve nos pondremos en contacto contigo.<\/p>\n<div class=\"wpcf7 no-js\" id=\"wpcf7-f1364-o1\" lang=\"es-ES\" dir=\"ltr\" data-wpcf7-id=\"1364\">\n<div class=\"screen-reader-response\"><p role=\"status\" aria-live=\"polite\" aria-atomic=\"true\"><\/p> <ul><\/ul><\/div>\n<form action=\"\/es\/wp-json\/wp\/v2\/pages\/899#wpcf7-f1364-o1\" method=\"post\" class=\"wpcf7-form init wpcf7-acceptance-as-validation\" aria-label=\"Formulario de contacto\" novalidate=\"novalidate\" data-status=\"init\">\n<fieldset class=\"hidden-fields-container\"><input type=\"hidden\" name=\"_wpcf7\" value=\"1364\" \/><input type=\"hidden\" name=\"_wpcf7_version\" value=\"6.1.4\" \/><input type=\"hidden\" name=\"_wpcf7_locale\" value=\"es_ES\" \/><input type=\"hidden\" name=\"_wpcf7_unit_tag\" value=\"wpcf7-f1364-o1\" \/><input type=\"hidden\" name=\"_wpcf7_container_post\" value=\"0\" \/><input type=\"hidden\" name=\"_wpcf7_posted_data_hash\" value=\"\" \/>\n<\/fieldset>\n<p>Email\n<\/p>\n<p><span class=\"wpcf7-form-control-wrap\" data-name=\"your-email\"><input size=\"40\" maxlength=\"400\" class=\"wpcf7-form-control wpcf7-email wpcf7-validates-as-required wpcf7-text wpcf7-validates-as-email\" aria-required=\"true\" aria-invalid=\"false\" value=\"\" type=\"email\" name=\"your-email\" \/><\/span>\n<\/p>\n<p><span class=\"wpcf7-form-control-wrap\" data-name=\"politica\"><span class=\"wpcf7-form-control wpcf7-acceptance\"><span class=\"wpcf7-list-item\"><label><input type=\"checkbox\" name=\"politica\" value=\"1\" aria-invalid=\"false\" \/><span class=\"wpcf7-list-item-label\">He le\u00eddo y acepto la<a href=\"https:\/\/cemmaresme.com\/es\/politica-privacidad\/\" > pol\u00edtica de privacidad <\/a><\/span><\/label><\/span><\/span><\/span>\n<\/p>\n<input class=\"wpcf7-form-control wpcf7-hidden\" value=\"\" type=\"hidden\" name=\"utm_source\" \/>\n<input class=\"wpcf7-form-control wpcf7-hidden\" value=\"\" type=\"hidden\" name=\"utm_medium\" \/>\n<input class=\"wpcf7-form-control wpcf7-hidden\" value=\"\" type=\"hidden\" name=\"utm_campaign\" \/>\n<input class=\"wpcf7-form-control wpcf7-hidden\" value=\"\" type=\"hidden\" name=\"utm_term\" \/>\n<input class=\"wpcf7-form-control wpcf7-hidden\" value=\"\" type=\"hidden\" name=\"utm_content\" \/>\n<div class=\"cf7-cf-turnstile\" style=\"margin-top: 0px; margin-bottom: -15px;\"> <div id=\"cf-turnstile-cf7-1130582484\" class=\"cf-turnstile\" data-sitekey=\"0x4AAAAAAA7bxwK-jaNtRQQA\" data-theme=\"light\" data-language=\"auto\" data-size=\"normal\" data-retry=\"auto\" data-retry-interval=\"1000\" data-refresh-expired=\"auto\" data-action=\"contact-form-7\" data-appearance=\"interaction-only\"><\/div> <script>document.addEventListener(\"DOMContentLoaded\", function() { setTimeout(function(){ var e=document.getElementById(\"cf-turnstile-cf7-1130582484\"); e&&!e.innerHTML.trim()&&(turnstile.remove(\"#cf-turnstile-cf7-1130582484\"), turnstile.render(\"#cf-turnstile-cf7-1130582484\", {sitekey:\"0x4AAAAAAA7bxwK-jaNtRQQA\"})); }, 100); });<\/script> <style>#cf-turnstile-cf7-1130582484 iframe { margin-bottom: 15px; }<\/style> <style>#cf-turnstile-cf7-1130582484 { margin-left: -15px; }<\/style> <script>document.addEventListener(\"DOMContentLoaded\",function(){document.querySelectorAll('.wpcf7-form').forEach(function(e){e.addEventListener('submit',function(){if(document.getElementById('cf-turnstile-cf7-1130582484')){setTimeout(function(){turnstile.reset('#cf-turnstile-cf7-1130582484');},1000)}})})});<\/script> <\/div>\n<p style=\"margin-bottom:-2px\"><input class=\"wpcf7-form-control wpcf7-submit has-spinner\" id=\"boto-formulari\" type=\"submit\" value=\"ENVIAR\" \/>\n<\/p>\n<font size=\"1\">\n\t<p style=\"line-height:100%; text-align:justify\">INFORMACI\u00d3N B\u00c1SICA SOBRE PROTECCI\u00d3N DE DATOS. Responsable: CET10 (CET10 CLUB \u2013 AEN J\u00daPITER S. MART\u00cd, UTE). Finalidades: a) Actividades comerciales por distintos medios y canales de comunicaci\u00f3n de iniciativas y servicios de entidades CET10 y colaboradores. b) Gestionar las solicitudes relacionadas con cualquier iniciativa de entidades de CET10 y colaboradores. Legitimaci\u00f3n: Consentimiento del interesado. Destinatarios: Se prev\u00e9, en su caso, la comunicaci\u00f3n de los datos del interesado a la entidad de CET10 responsable de la actividad solicitada. Derechos: Tiene derecho a acceder, rectificar y suprimir los datos u oponerse al tratamiento de los mismos o a alguna de las finalidades, as\u00ed como otros derechos, como se explica en la informaci\u00f3n adicional. Informaci\u00f3n adicional: Puede consultar la informaci\u00f3n adicional y detallada sobre Protecci\u00f3n de Datos en el link de pol\u00edtica de privacidad. Esta web est\u00e1 protegida por Cloudflare Turnstile, herramienta con titularidad Cloudflare Inc., entidad que tratar\u00e1 determinados datos del usuario. M\u00e1s informaci\u00f3n sobre t\u00e9rminos y condiciones de Cloudflare en este <a href=\" https:\/\/www.cloudflare.com\/es-es\/website-terms\/\" style=\"color:black\"  target=\"blank\">enlace.<\/a> Ver c\u00f3mo Cloudflare trata tus datos disponibles <a href=\"https:\/\/www.cloudflare.com\/es-es\/privacypolicy\/\" style=\"color:black\"  target=\"blank\">aqu\u00ed.<\/a>\n\t<\/p>\n<\/font><div class=\"wpcf7-response-output\" aria-hidden=\"true\"><\/div>\n<\/form>\n<\/div>\n[\/vc_column_text][vc_single_image image=\u00bb5137&#8243; img_size=\u00bbfull\u00bb][vc_single_image image=\u00bb1361&#8243; img_size=\u00bbfull\u00bb][vc_raw_js]JTNDc2NyaXB0JTNFJTBBZG9jdW1lbnQuYWRkRXZlbnRMaXN0ZW5lciUyOCUyMCUyN3dwY2Y3bWFpbHNlbnQlMjclMkMlMjBmdW5jdGlvbiUyOCUyMGV2ZW50JTIwJTI5JTIwJTdCJTBBJTIwJTIwbG9jYXRpb24lMjAlM0QlMjAlMjdodHRwcyUzQSUyRiUyRmNlbW1hcmVzbWUuY29tJTJGZXMlMkZtdWNoYXMtZ3JhY2lhcy1maXNpb3RlcmFwaWElMjclM0IlMEElN0QlMkMlMjBmYWxzZSUyMCUyOSUzQiUwQSUzQyUyRnNjcmlwdCUzRSUwQQ==[\/vc_raw_js][\/vc_column][\/vc_row][vc_row][vc_column][vc_raw_html]JTNDYSUyMGhyZWYlM0QlMjJodHRwcyUzQSUyRiUyRndhLm1lJTJGMzQ2NTY4ODMwMTAlM0YlMjIlMjBjbGFzcyUzRCUyMmZsb2F0LXdhJTIyJTIwdGFyZ2V0JTNEJTIyX2JsYW5rJTIyJTNFJTBBJTIwJTIwJTIwJTIwJTNDaSUyMGNsYXNzJTNEJTIyZmElMjBmYS13aGF0c2FwcCUyMiUyMHN0eWxlJTNEJTIybWFyZ2luLXRvcCUzQTE2cHglM0IlMjIlM0UlM0MlMkZpJTNFJTBBJTNDJTJGYSUzRQ==[\/vc_raw_html][\/vc_column][\/vc_row]<\/p>\n<\/div>","protected":false},"excerpt":{"rendered":"<p>[vc_row full_width=\u00bbstretch_row_content_no_spaces\u00bb css=\u00bb.vc_custom_1694611852637{background-image: url(https:\/\/cemmaresme.com\/wp-content\/uploads\/sites\/28\/2023\/09\/MRM-fisio.webp?id=19887) !important;background-position: center !important;background-repeat: no-repeat !important;background-size: cover !important;}\u00bb][vc_column offset=\u00bbvc_hidden-xs\u00bb][vc_custom_heading text=\u00bbFisioterapia: cuidamos de tu bienestar\u00bb font_container=\u00bbtag:h1|font_size:50px|text_align:center|color:%23ffffff|line_height:60px\u00bb use_theme_fonts=\u00bbyes\u00bb css=\u00bb.vc_custom_1694612193209{padding-top: 151px !important;padding-bottom: 160px !important;}\u00bb][\/vc_column][\/vc_row][vc_row full_width=\u00bbstretch_row_content_no_spaces\u00bb css=\u00bb.vc_custom_1694612100892{background-image: url(https:\/\/cemmaresme.com\/wp-content\/uploads\/sites\/28\/2023\/09\/MRM-fisio.webp?id=19887) !important;background-position: center !important;background-repeat: no-repeat !important;background-size: cover !important;}\u00bb][vc_column offset=\u00bbvc_hidden-lg vc_hidden-md vc_hidden-sm\u00bb css=\u00bb.vc_custom_1678193107420{margin-bottom: -10px !important;}\u00bb][vc_column_text css=\u00bb.vc_custom_1731500131256{padding-top: 90px !important;padding-bottom: 90px !important;}\u00bb] Fisioterapia: cuidamos de tu bienestar [\/vc_column_text][\/vc_column][\/vc_row][vc_row][vc_column width=\u00bb2\/3&#8243;][vc_custom_heading text=\u00bbServicios de fisioterapia\u00bb&hellip;<\/p>\n","protected":false},"author":4,"featured_media":0,"parent":0,"menu_order":0,"comment_status":"closed","ping_status":"closed","template":"","meta":{"footnotes":""},"class_list":["post-899","page","type-page","status-publish","hentry","description-off"],"yoast_head":"<!-- This site is optimized with the Yoast SEO plugin v26.8 - https:\/\/yoast.com\/product\/yoast-seo-wordpress\/ -->\n<title>Fisioterapia: estamos para cuidarte - \u00a1Informate! - CEM Maresme<\/title>\n<meta name=\"description\" content=\"En el CEM Maresme queremos ayudarte a mejorar tu salud. Por este motivo, te ofrecemos fisioterapia donde mejorar\u00e1s tus lesiones...\" \/>\n<meta name=\"robots\" content=\"index, follow, max-snippet:-1, max-image-preview:large, max-video-preview:-1\" \/>\n<link rel=\"canonical\" href=\"https:\/\/cemmaresme.com\/es\/servicio-de-fisioterapia\/\" \/>\n<meta property=\"og:locale\" content=\"es_ES\" \/>\n<meta property=\"og:type\" content=\"article\" \/>\n<meta property=\"og:title\" content=\"Fisioterapia: estamos para cuidarte - \u00a1Informate! - CEM Maresme\" \/>\n<meta property=\"og:description\" content=\"En el CEM Maresme queremos ayudarte a mejorar tu salud. Por este motivo, te ofrecemos fisioterapia donde mejorar\u00e1s tus lesiones...\" \/>\n<meta property=\"og:url\" content=\"https:\/\/cemmaresme.com\/es\/servicio-de-fisioterapia\/\" \/>\n<meta property=\"og:site_name\" content=\"CEM Maresme\" \/>\n<meta property=\"article:modified_time\" content=\"2025-04-04T07:31:09+00:00\" \/>\n<meta name=\"twitter:card\" content=\"summary_large_image\" \/>\n<meta name=\"twitter:label1\" content=\"Tiempo de lectura\" \/>\n\t<meta name=\"twitter:data1\" content=\"4 minutos\" \/>\n<script type=\"application\/ld+json\" class=\"yoast-schema-graph\">{\"@context\":\"https:\/\/schema.org\",\"@graph\":[{\"@type\":\"WebPage\",\"@id\":\"https:\/\/cemmaresme.com\/es\/servicio-de-fisioterapia\/\",\"url\":\"https:\/\/cemmaresme.com\/es\/servicio-de-fisioterapia\/\",\"name\":\"Fisioterapia: estamos para cuidarte - \u00a1Informate! - CEM Maresme\",\"isPartOf\":{\"@id\":\"https:\/\/cemmaresme.com\/es\/#website\"},\"datePublished\":\"2017-08-03T10:04:15+00:00\",\"dateModified\":\"2025-04-04T07:31:09+00:00\",\"description\":\"En el CEM Maresme queremos ayudarte a mejorar tu salud. Por este motivo, te ofrecemos fisioterapia donde mejorar\u00e1s tus lesiones...\",\"breadcrumb\":{\"@id\":\"https:\/\/cemmaresme.com\/es\/servicio-de-fisioterapia\/#breadcrumb\"},\"inLanguage\":\"es\",\"potentialAction\":[{\"@type\":\"ReadAction\",\"target\":[\"https:\/\/cemmaresme.com\/es\/servicio-de-fisioterapia\/\"]}]},{\"@type\":\"BreadcrumbList\",\"@id\":\"https:\/\/cemmaresme.com\/es\/servicio-de-fisioterapia\/#breadcrumb\",\"itemListElement\":[{\"@type\":\"ListItem\",\"position\":1,\"name\":\"Portada\",\"item\":\"https:\/\/cemmaresme.com\/es\/\"},{\"@type\":\"ListItem\",\"position\":2,\"name\":\"Fisioterapia\"}]},{\"@type\":\"WebSite\",\"@id\":\"https:\/\/cemmaresme.com\/es\/#website\",\"url\":\"https:\/\/cemmaresme.com\/es\/\",\"name\":\"CEM Maresme\",\"description\":\"CEM Maresme - Estem mols a prop teu!\",\"publisher\":{\"@id\":\"https:\/\/cemmaresme.com\/es\/#organization\"},\"potentialAction\":[{\"@type\":\"SearchAction\",\"target\":{\"@type\":\"EntryPoint\",\"urlTemplate\":\"https:\/\/cemmaresme.com\/es\/?s={search_term_string}\"},\"query-input\":{\"@type\":\"PropertyValueSpecification\",\"valueRequired\":true,\"valueName\":\"search_term_string\"}}],\"inLanguage\":\"es\"},{\"@type\":\"Organization\",\"@id\":\"https:\/\/cemmaresme.com\/es\/#organization\",\"name\":\"CDM Escuelas de San Ant\u00f3n\",\"url\":\"https:\/\/cemmaresme.com\/es\/\",\"logo\":{\"@type\":\"ImageObject\",\"inLanguage\":\"es\",\"@id\":\"https:\/\/cemmaresme.com\/es\/#\/schema\/logo\/image\/\",\"url\":\"https:\/\/cemmaresme.com\/wp-content\/uploads\/sites\/28\/2022\/01\/logo-maresme-horitzontal-online-web-desktop.png\",\"contentUrl\":\"https:\/\/cemmaresme.com\/wp-content\/uploads\/sites\/28\/2022\/01\/logo-maresme-horitzontal-online-web-desktop.png\",\"width\":235,\"height\":76,\"caption\":\"CDM Escuelas de San Ant\u00f3n\"},\"image\":{\"@id\":\"https:\/\/cemmaresme.com\/es\/#\/schema\/logo\/image\/\"}}]}<\/script>\n<!-- \/ Yoast SEO plugin. -->","yoast_head_json":{"title":"Fisioterapia: estamos para cuidarte - \u00a1Informate! - CEM Maresme","description":"En el CEM Maresme queremos ayudarte a mejorar tu salud. Por este motivo, te ofrecemos fisioterapia donde mejorar\u00e1s tus lesiones...","robots":{"index":"index","follow":"follow","max-snippet":"max-snippet:-1","max-image-preview":"max-image-preview:large","max-video-preview":"max-video-preview:-1"},"canonical":"https:\/\/cemmaresme.com\/es\/servicio-de-fisioterapia\/","og_locale":"es_ES","og_type":"article","og_title":"Fisioterapia: estamos para cuidarte - \u00a1Informate! - CEM Maresme","og_description":"En el CEM Maresme queremos ayudarte a mejorar tu salud. Por este motivo, te ofrecemos fisioterapia donde mejorar\u00e1s tus lesiones...","og_url":"https:\/\/cemmaresme.com\/es\/servicio-de-fisioterapia\/","og_site_name":"CEM Maresme","article_modified_time":"2025-04-04T07:31:09+00:00","twitter_card":"summary_large_image","twitter_misc":{"Tiempo de lectura":"4 minutos"},"schema":{"@context":"https:\/\/schema.org","@graph":[{"@type":"WebPage","@id":"https:\/\/cemmaresme.com\/es\/servicio-de-fisioterapia\/","url":"https:\/\/cemmaresme.com\/es\/servicio-de-fisioterapia\/","name":"Fisioterapia: estamos para cuidarte - \u00a1Informate! - CEM Maresme","isPartOf":{"@id":"https:\/\/cemmaresme.com\/es\/#website"},"datePublished":"2017-08-03T10:04:15+00:00","dateModified":"2025-04-04T07:31:09+00:00","description":"En el CEM Maresme queremos ayudarte a mejorar tu salud. Por este motivo, te ofrecemos fisioterapia donde mejorar\u00e1s tus lesiones...","breadcrumb":{"@id":"https:\/\/cemmaresme.com\/es\/servicio-de-fisioterapia\/#breadcrumb"},"inLanguage":"es","potentialAction":[{"@type":"ReadAction","target":["https:\/\/cemmaresme.com\/es\/servicio-de-fisioterapia\/"]}]},{"@type":"BreadcrumbList","@id":"https:\/\/cemmaresme.com\/es\/servicio-de-fisioterapia\/#breadcrumb","itemListElement":[{"@type":"ListItem","position":1,"name":"Portada","item":"https:\/\/cemmaresme.com\/es\/"},{"@type":"ListItem","position":2,"name":"Fisioterapia"}]},{"@type":"WebSite","@id":"https:\/\/cemmaresme.com\/es\/#website","url":"https:\/\/cemmaresme.com\/es\/","name":"CEM Maresme","description":"CEM Maresme - Estem mols a prop teu!","publisher":{"@id":"https:\/\/cemmaresme.com\/es\/#organization"},"potentialAction":[{"@type":"SearchAction","target":{"@type":"EntryPoint","urlTemplate":"https:\/\/cemmaresme.com\/es\/?s={search_term_string}"},"query-input":{"@type":"PropertyValueSpecification","valueRequired":true,"valueName":"search_term_string"}}],"inLanguage":"es"},{"@type":"Organization","@id":"https:\/\/cemmaresme.com\/es\/#organization","name":"CDM Escuelas de San Ant\u00f3n","url":"https:\/\/cemmaresme.com\/es\/","logo":{"@type":"ImageObject","inLanguage":"es","@id":"https:\/\/cemmaresme.com\/es\/#\/schema\/logo\/image\/","url":"https:\/\/cemmaresme.com\/wp-content\/uploads\/sites\/28\/2022\/01\/logo-maresme-horitzontal-online-web-desktop.png","contentUrl":"https:\/\/cemmaresme.com\/wp-content\/uploads\/sites\/28\/2022\/01\/logo-maresme-horitzontal-online-web-desktop.png","width":235,"height":76,"caption":"CDM Escuelas de San Ant\u00f3n"},"image":{"@id":"https:\/\/cemmaresme.com\/es\/#\/schema\/logo\/image\/"}}]}},"_links":{"self":[{"href":"https:\/\/cemmaresme.com\/es\/wp-json\/wp\/v2\/pages\/899","targetHints":{"allow":["GET"]}}],"collection":[{"href":"https:\/\/cemmaresme.com\/es\/wp-json\/wp\/v2\/pages"}],"about":[{"href":"https:\/\/cemmaresme.com\/es\/wp-json\/wp\/v2\/types\/page"}],"author":[{"embeddable":true,"href":"https:\/\/cemmaresme.com\/es\/wp-json\/wp\/v2\/users\/4"}],"replies":[{"embeddable":true,"href":"https:\/\/cemmaresme.com\/es\/wp-json\/wp\/v2\/comments?post=899"}],"version-history":[{"count":0,"href":"https:\/\/cemmaresme.com\/es\/wp-json\/wp\/v2\/pages\/899\/revisions"}],"wp:attachment":[{"href":"https:\/\/cemmaresme.com\/es\/wp-json\/wp\/v2\/media?parent=899"}],"curies":[{"name":"wp","href":"https:\/\/api.w.org\/{rel}","templated":true}]}}