{"id":865,"date":"2017-08-01T11:43:56","date_gmt":"2017-08-01T11:43:56","guid":{"rendered":"http:\/\/maresme.cet10.com\/contacto-copy\/"},"modified":"2025-04-04T09:33:14","modified_gmt":"2025-04-04T07:33:14","slug":"area-de-clientes","status":"publish","type":"page","link":"https:\/\/cemmaresme.com\/es\/area-de-clientes\/","title":{"rendered":"\u00c1rea de clientes"},"content":{"rendered":"<div class=\"wpb-content-wrapper\"><p>[vc_row full_width=\u00bbstretch_row_content_no_spaces\u00bb css=\u00bb.vc_custom_1694614450628{background-image: url(https:\/\/cemmaresme.com\/wp-content\/uploads\/sites\/28\/2023\/03\/serveis-maresme.jpg?id=15361) !important;background-position: center !important;background-repeat: no-repeat !important;background-size: cover !important;}\u00bb][vc_column offset=\u00bbvc_hidden-xs\u00bb][vc_custom_heading text=\u00bb\u00c1rea cliente: realiza tus gestiones online\u00bb font_container=\u00bbtag:h1|font_size:50px|text_align:center|color:%23ffffff|line_height:60px\u00bb use_theme_fonts=\u00bbyes\u00bb css=\u00bb.vc_custom_1694614389149{padding-top: 151px !important;padding-bottom: 160px !important;}\u00bb][\/vc_column][\/vc_row][vc_row full_width=\u00bbstretch_row_content_no_spaces\u00bb css=\u00bb.vc_custom_1694614424445{background-image: url(https:\/\/cemmaresme.com\/wp-content\/uploads\/sites\/28\/2023\/03\/banner-gracies.jpg?id=15394) !important;background-position: center !important;background-repeat: no-repeat !important;background-size: cover !important;}\u00bb][vc_column offset=\u00bbvc_hidden-lg vc_hidden-md vc_hidden-sm\u00bb css=\u00bb.vc_custom_1678193107420{margin-bottom: -10px !important;}\u00bb][vc_column_text css=\u00bb.vc_custom_1694614403719{padding-top: 90px !important;padding-bottom: 90px !important;}\u00bb]<\/p>\n<p style=\"text-align: center; font-family: Roboto; font-size: 35px; line-height: 40px;\"><span style=\"color: #ffffff;\"><strong>\u00c1rea cliente: realiza<br \/>\ntus gestiones online<\/strong><\/span><\/p>\n<p>[\/vc_column_text][\/vc_column][\/vc_row][vc_row][vc_column][vc_custom_heading text=\u00bbTe damos la bienvenida a tu zona personal\u00bb use_theme_fonts=\u00bbyes\u00bb][vc_column_text]\u00c1rea de clientes: en tu zona personal podr\u00e1s reservar tu pista de p\u00e1del, darte de alta en el centro o realizar tus tr\u00e1mites.[\/vc_column_text][vc_separator][\/vc_column][\/vc_row][vc_row][vc_column width=\u00bb1\/2&#8243;][vc_custom_heading text=\u00bbReserva tu pista de p\u00e1del\u00bb use_theme_fonts=\u00bbyes\u00bb][vc_column_text css=\u00bb.vc_custom_1594025252114{margin-bottom: 10px !important;}\u00bb]\u00bfQuieres jugar a p\u00e1del? Busca partidas abiertas, participa en campeonatos o reserva tu pista y comparte un buen momento con tus amigos.[\/vc_column_text][vc_column_text css=\u00bb.vc_custom_1675930365803{margin-bottom: 25px !important;}\u00bb]<a href=\"https:\/\/cemmaresme.com\/es\/normativa-reservas\/\"><strong> Consulta la normativa de reserva de pista<\/strong><\/a>[\/vc_column_text]<style type=\"text\/css\" data-type=\"the7_shortcodes-inline-css\">#default-btn-524752a5f65b9c7d94b290f8248525e9 {\n  border-radius: 0px;\n  font-size: 15px;\n  line-height: 17px;\n}\n.btn-shadow#default-btn-524752a5f65b9c7d94b290f8248525e9 {\n  box-shadow: 0 1px 6px rgba(0,0,0,0.12);\n  transition: box-shadow 0.2s ease-out, opacity 0.45s;\n}\n.btn-shadow#default-btn-524752a5f65b9c7d94b290f8248525e9:hover {\n  box-shadow: 0 5px 11px 0 rgba(0,0,0,0.18), 0 4px 15px 0 rgba(0,0,0,0.15);\n}\n.btn-3d#default-btn-524752a5f65b9c7d94b290f8248525e9 {\n  box-shadow: 0px 2px 0px 0px #ae7013;\n}\n.btn-3d#default-btn-524752a5f65b9c7d94b290f8248525e9:hover {\n  box-shadow: 0px 2px 0px 0px #a07433;\n}\n.btn-flat#default-btn-524752a5f65b9c7d94b290f8248525e9 {\n  box-shadow: none;\n}\n.btn-flat#default-btn-524752a5f65b9c7d94b290f8248525e9:hover {\n  box-shadow: none;\n}\n#default-btn-524752a5f65b9c7d94b290f8248525e9.ico-right-side > i {\n  margin-right: 0px;\n  margin-left: 8px;\n}\n#default-btn-524752a5f65b9c7d94b290f8248525e9 > i {\n  margin-right: 8px;\n  font-size: 12px;\n}\n#default-btn-524752a5f65b9c7d94b290f8248525e9:not(:hover) {\n  border-width: 0px;\n  color: #ffffff;\n  background: #ff9900 !important;\n  padding: 14px 18px 14px 18px;\n}\n#default-btn-524752a5f65b9c7d94b290f8248525e9:not(:hover) * {\n  color: #ffffff;\n}\n#default-btn-524752a5f65b9c7d94b290f8248525e9:hover {\n  border-width: 0px;\n  background: #dd9933 !important;\n  padding: 14px 18px 14px 18px;\n}\n#default-btn-524752a5f65b9c7d94b290f8248525e9.ico-right-side > i {\n  margin-right: 0px;\n  margin-left: 8px;\n}\n#default-btn-524752a5f65b9c7d94b290f8248525e9 > i {\n  margin-right: 8px;\n}<\/style><div class=\"btn-align-center\"><a href=\"https:\/\/playtomic.io\/wl\/f7841180-f6dd-4a65-bc8d-3fe0ff26296b?&amp;fromPartners=true\" class=\"default-btn-shortcode dt-btn link-hover-off btn-flat  vc_custom_1691048395984\" target=\"_blank\" id=\"default-btn-524752a5f65b9c7d94b290f8248525e9\" style=\"width:550px;\" rel=\"noopener\"><span>S\u00cd, QUIERO RESERVAR MI PISTA AHORA<\/span><\/a><\/div>[\/vc_column][vc_column width=\u00bb1\/2&#8243;][vc_custom_heading text=\u00bbAp\u00fantate o realiza tus gestiones\u00bb use_theme_fonts=\u00bbyes\u00bb][vc_column_text css=\u00bb.vc_custom_1674031824855{margin-bottom: 25px !important;}\u00bb]Entra con tu usuario y contrase\u00f1a para gestionar tus tr\u00e1mites o date de alta como nuevo usuario para apuntarte al centro.<\/p>\n<p>Para una buena navegaci\u00f3n, os recomendamos utilizar el navegador\u00a0<strong><a target=\"_blank\" href=\"http:\/\/www.google.com\/chrome\/\" rel=\"noopener\">Google Chrome<\/a><\/strong>[\/vc_column_text][vc_row_inner][vc_column_inner width=\u00bb1\/2&#8243;]<style type=\"text\/css\" data-type=\"the7_shortcodes-inline-css\">#default-btn-5103d7e495b7ec3bfb33dff286e2d99b {\n  border-radius: 0px;\n  font-size: 15px;\n  line-height: 17px;\n}\n.btn-shadow#default-btn-5103d7e495b7ec3bfb33dff286e2d99b {\n  box-shadow: 0 1px 6px rgba(0,0,0,0.12);\n  transition: box-shadow 0.2s ease-out, opacity 0.45s;\n}\n.btn-shadow#default-btn-5103d7e495b7ec3bfb33dff286e2d99b:hover {\n  box-shadow: 0 5px 11px 0 rgba(0,0,0,0.18), 0 4px 15px 0 rgba(0,0,0,0.15);\n}\n.btn-3d#default-btn-5103d7e495b7ec3bfb33dff286e2d99b {\n  box-shadow: 0px 2px 0px 0px #ae7013;\n}\n.btn-3d#default-btn-5103d7e495b7ec3bfb33dff286e2d99b:hover {\n  box-shadow: 0px 2px 0px 0px #a07433;\n}\n.btn-flat#default-btn-5103d7e495b7ec3bfb33dff286e2d99b {\n  box-shadow: none;\n}\n.btn-flat#default-btn-5103d7e495b7ec3bfb33dff286e2d99b:hover {\n  box-shadow: none;\n}\n#default-btn-5103d7e495b7ec3bfb33dff286e2d99b.ico-right-side > i {\n  margin-right: 0px;\n  margin-left: 8px;\n}\n#default-btn-5103d7e495b7ec3bfb33dff286e2d99b > i {\n  margin-right: 8px;\n  font-size: 12px;\n}\n#default-btn-5103d7e495b7ec3bfb33dff286e2d99b:not(:hover) {\n  border-width: 0px;\n  color: #ffffff;\n  background: #ff9900 !important;\n  padding: 14px 18px 14px 18px;\n}\n#default-btn-5103d7e495b7ec3bfb33dff286e2d99b:not(:hover) * {\n  color: #ffffff;\n}\n#default-btn-5103d7e495b7ec3bfb33dff286e2d99b:hover {\n  border-width: 0px;\n  background: #dd9933 !important;\n  padding: 14px 18px 14px 18px;\n}\n#default-btn-5103d7e495b7ec3bfb33dff286e2d99b.ico-right-side > i {\n  margin-right: 0px;\n  margin-left: 8px;\n}\n#default-btn-5103d7e495b7ec3bfb33dff286e2d99b > i {\n  margin-right: 8px;\n}<\/style><div class=\"btn-align-center\"><a href=\"https:\/\/cet10maresme.deporsite.net\/alta-abonados\" class=\"default-btn-shortcode dt-btn link-hover-off btn-flat  vc_custom_1691048421466\" id=\"default-btn-5103d7e495b7ec3bfb33dff286e2d99b\" style=\"width:550px;\"><span>DATE DE ALTA ONLINE<\/span><\/a><\/div>[\/vc_column_inner][vc_column_inner width=\u00bb1\/2&#8243;]<style type=\"text\/css\" data-type=\"the7_shortcodes-inline-css\">#default-btn-0d92325e4b95503c7f685ae4ceb97ac8 {\n  border-radius: 0px;\n  font-size: 15px;\n  line-height: 17px;\n}\n.btn-shadow#default-btn-0d92325e4b95503c7f685ae4ceb97ac8 {\n  box-shadow: 0 1px 6px rgba(0,0,0,0.12);\n  transition: box-shadow 0.2s ease-out, opacity 0.45s;\n}\n.btn-shadow#default-btn-0d92325e4b95503c7f685ae4ceb97ac8:hover {\n  box-shadow: 0 5px 11px 0 rgba(0,0,0,0.18), 0 4px 15px 0 rgba(0,0,0,0.15);\n}\n.btn-3d#default-btn-0d92325e4b95503c7f685ae4ceb97ac8 {\n  box-shadow: 0px 2px 0px 0px #323232;\n}\n.btn-3d#default-btn-0d92325e4b95503c7f685ae4ceb97ac8:hover {\n  box-shadow: 0px 2px 0px 0px #000000;\n}\n.btn-flat#default-btn-0d92325e4b95503c7f685ae4ceb97ac8 {\n  box-shadow: none;\n}\n.btn-flat#default-btn-0d92325e4b95503c7f685ae4ceb97ac8:hover {\n  box-shadow: none;\n}\n#default-btn-0d92325e4b95503c7f685ae4ceb97ac8.ico-right-side > i {\n  margin-right: 0px;\n  margin-left: 8px;\n}\n#default-btn-0d92325e4b95503c7f685ae4ceb97ac8 > i {\n  margin-right: 8px;\n  font-size: 12px;\n}\n#default-btn-0d92325e4b95503c7f685ae4ceb97ac8:not(:hover) {\n  border-width: 0px;\n  color: #ffffff;\n  background: #515151 !important;\n  padding: 14px 18px 14px 18px;\n}\n#default-btn-0d92325e4b95503c7f685ae4ceb97ac8:not(:hover) * {\n  color: #ffffff;\n}\n#default-btn-0d92325e4b95503c7f685ae4ceb97ac8:hover {\n  border-width: 0px;\n  background: #000000 !important;\n  padding: 14px 18px 14px 18px;\n}\n#default-btn-0d92325e4b95503c7f685ae4ceb97ac8.ico-right-side > i {\n  margin-right: 0px;\n  margin-left: 8px;\n}\n#default-btn-0d92325e4b95503c7f685ae4ceb97ac8 > i {\n  margin-right: 8px;\n}<\/style><div class=\"btn-align-center\"><a href=\"https:\/\/cet10maresme.deporsite.net\/\" class=\"default-btn-shortcode dt-btn link-hover-off btn-flat  vc_custom_1691048431625\" id=\"default-btn-0d92325e4b95503c7f685ae4ceb97ac8\" style=\"width:550px;\"><span>\u00c1REA DE CLIENTES<\/span><\/a><\/div>[\/vc_column_inner][\/vc_row_inner][\/vc_column][\/vc_row][vc_row][vc_column width=\u00bb1\/2&#8243;][vc_single_image image=\u00bb1388&#8243; img_size=\u00bbfull\u00bb][\/vc_column][vc_column width=\u00bb1\/2&#8243;][vc_single_image image=\u00bb1382&#8243; img_size=\u00bbfull\u00bb][\/vc_column][\/vc_row][vc_row][vc_column][vc_column_text]\u00bfTienes alguna duda? puedes preguntarnos en la recepci\u00f3n del centro, llamarnos al tel\u00e9fono 933 083 553 o enviarnos un correo electr\u00f3nico a<strong> <span class=\"hiddenSpellError\"><a href=\"mailto:info@cemmaresme.com\">info@cemmaresme.com<\/a><\/span><\/strong>[\/vc_column_text][\/vc_column][\/vc_row][vc_row][vc_column][vc_raw_html]JTNDYSUyMGhyZWYlM0QlMjJodHRwcyUzQSUyRiUyRndhLm1lJTJGMzQ2NTY4ODMwMTAlM0YlMjIlMjBjbGFzcyUzRCUyMmZsb2F0LXdhJTIyJTIwdGFyZ2V0JTNEJTIyX2JsYW5rJTIyJTNFJTBBJTIwJTIwJTIwJTIwJTNDaSUyMGNsYXNzJTNEJTIyZmElMjBmYS13aGF0c2FwcCUyMiUyMHN0eWxlJTNEJTIybWFyZ2luLXRvcCUzQTE2cHglM0IlMjIlM0UlM0MlMkZpJTNFJTBBJTNDJTJGYSUzRQ==[\/vc_raw_html][\/vc_column][\/vc_row]<\/p>\n<\/div>","protected":false},"excerpt":{"rendered":"<p>[vc_row full_width=\u00bbstretch_row_content_no_spaces\u00bb css=\u00bb.vc_custom_1694614450628{background-image: url(https:\/\/cemmaresme.com\/wp-content\/uploads\/sites\/28\/2023\/03\/serveis-maresme.jpg?id=15361) !important;background-position: center !important;background-repeat: no-repeat !important;background-size: cover !important;}\u00bb][vc_column offset=\u00bbvc_hidden-xs\u00bb][vc_custom_heading text=\u00bb\u00c1rea cliente: realiza tus gestiones online\u00bb font_container=\u00bbtag:h1|font_size:50px|text_align:center|color:%23ffffff|line_height:60px\u00bb use_theme_fonts=\u00bbyes\u00bb css=\u00bb.vc_custom_1694614389149{padding-top: 151px !important;padding-bottom: 160px !important;}\u00bb][\/vc_column][\/vc_row][vc_row full_width=\u00bbstretch_row_content_no_spaces\u00bb css=\u00bb.vc_custom_1694614424445{background-image: url(https:\/\/cemmaresme.com\/wp-content\/uploads\/sites\/28\/2023\/03\/banner-gracies.jpg?id=15394) !important;background-position: center !important;background-repeat: no-repeat !important;background-size: cover !important;}\u00bb][vc_column offset=\u00bbvc_hidden-lg vc_hidden-md vc_hidden-sm\u00bb css=\u00bb.vc_custom_1678193107420{margin-bottom: -10px !important;}\u00bb][vc_column_text css=\u00bb.vc_custom_1694614403719{padding-top: 90px !important;padding-bottom: 90px !important;}\u00bb] \u00c1rea cliente: realiza tus gestiones online [\/vc_column_text][\/vc_column][\/vc_row][vc_row][vc_column][vc_custom_heading text=\u00bbTe damos&hellip;<\/p>\n","protected":false},"author":4,"featured_media":0,"parent":0,"menu_order":0,"comment_status":"closed","ping_status":"closed","template":"","meta":{"footnotes":""},"class_list":["post-865","page","type-page","status-publish","hentry","description-off"],"yoast_head":"<!-- This site is optimized with the Yoast SEO plugin v26.8 - https:\/\/yoast.com\/product\/yoast-seo-wordpress\/ -->\n<title>\u00c1rea de clientes \u00a1Realiza tus gestiones! CEM Maresme<\/title>\n<meta name=\"description\" content=\"\u00c1rea de clientes: en tu zona personal podr\u00e1s realizar tus gestiones o apuntarte al centro y muchas cosas m\u00e1s. \u00a1Te esperamos!\" \/>\n<meta name=\"robots\" content=\"index, follow, max-snippet:-1, max-image-preview:large, max-video-preview:-1\" \/>\n<link rel=\"canonical\" href=\"https:\/\/cemmaresme.com\/es\/area-de-clientes\/\" \/>\n<meta property=\"og:locale\" content=\"es_ES\" \/>\n<meta property=\"og:type\" content=\"article\" \/>\n<meta property=\"og:title\" content=\"\u00c1rea de clientes \u00a1Realiza tus gestiones! CEM Maresme\" \/>\n<meta property=\"og:description\" content=\"\u00c1rea de clientes: en tu zona personal podr\u00e1s realizar tus gestiones o apuntarte al centro y muchas cosas m\u00e1s. \u00a1Te esperamos!\" \/>\n<meta property=\"og:url\" content=\"https:\/\/cemmaresme.com\/es\/area-de-clientes\/\" \/>\n<meta property=\"og:site_name\" content=\"CEM Maresme\" \/>\n<meta property=\"article:modified_time\" content=\"2025-04-04T07:33:14+00:00\" \/>\n<meta name=\"twitter:card\" content=\"summary_large_image\" \/>\n<meta name=\"twitter:label1\" content=\"Tiempo de lectura\" \/>\n\t<meta name=\"twitter:data1\" content=\"2 minutos\" \/>\n<script type=\"application\/ld+json\" class=\"yoast-schema-graph\">{\"@context\":\"https:\/\/schema.org\",\"@graph\":[{\"@type\":\"WebPage\",\"@id\":\"https:\/\/cemmaresme.com\/es\/area-de-clientes\/\",\"url\":\"https:\/\/cemmaresme.com\/es\/area-de-clientes\/\",\"name\":\"\u00c1rea de clientes \u00a1Realiza tus gestiones! CEM Maresme\",\"isPartOf\":{\"@id\":\"https:\/\/cemmaresme.com\/es\/#website\"},\"datePublished\":\"2017-08-01T11:43:56+00:00\",\"dateModified\":\"2025-04-04T07:33:14+00:00\",\"description\":\"\u00c1rea de clientes: en tu zona personal podr\u00e1s realizar tus gestiones o apuntarte al centro y muchas cosas m\u00e1s. \u00a1Te esperamos!\",\"breadcrumb\":{\"@id\":\"https:\/\/cemmaresme.com\/es\/area-de-clientes\/#breadcrumb\"},\"inLanguage\":\"es\",\"potentialAction\":[{\"@type\":\"ReadAction\",\"target\":[\"https:\/\/cemmaresme.com\/es\/area-de-clientes\/\"]}]},{\"@type\":\"BreadcrumbList\",\"@id\":\"https:\/\/cemmaresme.com\/es\/area-de-clientes\/#breadcrumb\",\"itemListElement\":[{\"@type\":\"ListItem\",\"position\":1,\"name\":\"Portada\",\"item\":\"https:\/\/cemmaresme.com\/es\/\"},{\"@type\":\"ListItem\",\"position\":2,\"name\":\"\u00c1rea de clientes\"}]},{\"@type\":\"WebSite\",\"@id\":\"https:\/\/cemmaresme.com\/es\/#website\",\"url\":\"https:\/\/cemmaresme.com\/es\/\",\"name\":\"CEM Maresme\",\"description\":\"CEM Maresme - Estem mols a prop teu!\",\"publisher\":{\"@id\":\"https:\/\/cemmaresme.com\/es\/#organization\"},\"potentialAction\":[{\"@type\":\"SearchAction\",\"target\":{\"@type\":\"EntryPoint\",\"urlTemplate\":\"https:\/\/cemmaresme.com\/es\/?s={search_term_string}\"},\"query-input\":{\"@type\":\"PropertyValueSpecification\",\"valueRequired\":true,\"valueName\":\"search_term_string\"}}],\"inLanguage\":\"es\"},{\"@type\":\"Organization\",\"@id\":\"https:\/\/cemmaresme.com\/es\/#organization\",\"name\":\"CDM Escuelas de San Ant\u00f3n\",\"url\":\"https:\/\/cemmaresme.com\/es\/\",\"logo\":{\"@type\":\"ImageObject\",\"inLanguage\":\"es\",\"@id\":\"https:\/\/cemmaresme.com\/es\/#\/schema\/logo\/image\/\",\"url\":\"https:\/\/cemmaresme.com\/wp-content\/uploads\/sites\/28\/2022\/01\/logo-maresme-horitzontal-online-web-desktop.png\",\"contentUrl\":\"https:\/\/cemmaresme.com\/wp-content\/uploads\/sites\/28\/2022\/01\/logo-maresme-horitzontal-online-web-desktop.png\",\"width\":235,\"height\":76,\"caption\":\"CDM Escuelas de San Ant\u00f3n\"},\"image\":{\"@id\":\"https:\/\/cemmaresme.com\/es\/#\/schema\/logo\/image\/\"}}]}<\/script>\n<!-- \/ Yoast SEO plugin. -->","yoast_head_json":{"title":"\u00c1rea de clientes \u00a1Realiza tus gestiones! CEM Maresme","description":"\u00c1rea de clientes: en tu zona personal podr\u00e1s realizar tus gestiones o apuntarte al centro y muchas cosas m\u00e1s. \u00a1Te esperamos!","robots":{"index":"index","follow":"follow","max-snippet":"max-snippet:-1","max-image-preview":"max-image-preview:large","max-video-preview":"max-video-preview:-1"},"canonical":"https:\/\/cemmaresme.com\/es\/area-de-clientes\/","og_locale":"es_ES","og_type":"article","og_title":"\u00c1rea de clientes \u00a1Realiza tus gestiones! CEM Maresme","og_description":"\u00c1rea de clientes: en tu zona personal podr\u00e1s realizar tus gestiones o apuntarte al centro y muchas cosas m\u00e1s. \u00a1Te esperamos!","og_url":"https:\/\/cemmaresme.com\/es\/area-de-clientes\/","og_site_name":"CEM Maresme","article_modified_time":"2025-04-04T07:33:14+00:00","twitter_card":"summary_large_image","twitter_misc":{"Tiempo de lectura":"2 minutos"},"schema":{"@context":"https:\/\/schema.org","@graph":[{"@type":"WebPage","@id":"https:\/\/cemmaresme.com\/es\/area-de-clientes\/","url":"https:\/\/cemmaresme.com\/es\/area-de-clientes\/","name":"\u00c1rea de clientes \u00a1Realiza tus gestiones! CEM Maresme","isPartOf":{"@id":"https:\/\/cemmaresme.com\/es\/#website"},"datePublished":"2017-08-01T11:43:56+00:00","dateModified":"2025-04-04T07:33:14+00:00","description":"\u00c1rea de clientes: en tu zona personal podr\u00e1s realizar tus gestiones o apuntarte al centro y muchas cosas m\u00e1s. \u00a1Te esperamos!","breadcrumb":{"@id":"https:\/\/cemmaresme.com\/es\/area-de-clientes\/#breadcrumb"},"inLanguage":"es","potentialAction":[{"@type":"ReadAction","target":["https:\/\/cemmaresme.com\/es\/area-de-clientes\/"]}]},{"@type":"BreadcrumbList","@id":"https:\/\/cemmaresme.com\/es\/area-de-clientes\/#breadcrumb","itemListElement":[{"@type":"ListItem","position":1,"name":"Portada","item":"https:\/\/cemmaresme.com\/es\/"},{"@type":"ListItem","position":2,"name":"\u00c1rea de clientes"}]},{"@type":"WebSite","@id":"https:\/\/cemmaresme.com\/es\/#website","url":"https:\/\/cemmaresme.com\/es\/","name":"CEM Maresme","description":"CEM Maresme - Estem mols a prop teu!","publisher":{"@id":"https:\/\/cemmaresme.com\/es\/#organization"},"potentialAction":[{"@type":"SearchAction","target":{"@type":"EntryPoint","urlTemplate":"https:\/\/cemmaresme.com\/es\/?s={search_term_string}"},"query-input":{"@type":"PropertyValueSpecification","valueRequired":true,"valueName":"search_term_string"}}],"inLanguage":"es"},{"@type":"Organization","@id":"https:\/\/cemmaresme.com\/es\/#organization","name":"CDM Escuelas de San Ant\u00f3n","url":"https:\/\/cemmaresme.com\/es\/","logo":{"@type":"ImageObject","inLanguage":"es","@id":"https:\/\/cemmaresme.com\/es\/#\/schema\/logo\/image\/","url":"https:\/\/cemmaresme.com\/wp-content\/uploads\/sites\/28\/2022\/01\/logo-maresme-horitzontal-online-web-desktop.png","contentUrl":"https:\/\/cemmaresme.com\/wp-content\/uploads\/sites\/28\/2022\/01\/logo-maresme-horitzontal-online-web-desktop.png","width":235,"height":76,"caption":"CDM Escuelas de San Ant\u00f3n"},"image":{"@id":"https:\/\/cemmaresme.com\/es\/#\/schema\/logo\/image\/"}}]}},"_links":{"self":[{"href":"https:\/\/cemmaresme.com\/es\/wp-json\/wp\/v2\/pages\/865","targetHints":{"allow":["GET"]}}],"collection":[{"href":"https:\/\/cemmaresme.com\/es\/wp-json\/wp\/v2\/pages"}],"about":[{"href":"https:\/\/cemmaresme.com\/es\/wp-json\/wp\/v2\/types\/page"}],"author":[{"embeddable":true,"href":"https:\/\/cemmaresme.com\/es\/wp-json\/wp\/v2\/users\/4"}],"replies":[{"embeddable":true,"href":"https:\/\/cemmaresme.com\/es\/wp-json\/wp\/v2\/comments?post=865"}],"version-history":[{"count":0,"href":"https:\/\/cemmaresme.com\/es\/wp-json\/wp\/v2\/pages\/865\/revisions"}],"wp:attachment":[{"href":"https:\/\/cemmaresme.com\/es\/wp-json\/wp\/v2\/media?parent=865"}],"curies":[{"name":"wp","href":"https:\/\/api.w.org\/{rel}","templated":true}]}}