{"id":837,"date":"2017-07-28T16:33:08","date_gmt":"2017-07-28T16:33:08","guid":{"rendered":"http:\/\/maresme.cet10.com\/contacto-copy\/"},"modified":"2024-11-13T14:12:38","modified_gmt":"2024-11-13T12:12:38","slug":"cycling","status":"publish","type":"page","link":"https:\/\/cemmaresme.com\/es\/cycling\/","title":{"rendered":"Cycling"},"content":{"rendered":"<div class=\"wpb-content-wrapper\"><p>[vc_row full_width=\u00bbstretch_row_content_no_spaces\u00bb css=\u00bb.vc_custom_1694589922695{background-image: url(https:\/\/cemmaresme.com\/wp-content\/uploads\/sites\/28\/2023\/09\/MRM-cycling.webp?id=19847) !important;background-position: center !important;background-repeat: no-repeat !important;background-size: cover !important;}\u00bb][vc_column offset=\u00bbvc_hidden-lg vc_hidden-md vc_hidden-sm\u00bb css=\u00bb.vc_custom_1678193107420{margin-bottom: -10px !important;}\u00bb][vc_column_text css=\u00bb.vc_custom_1694589891706{padding-top: 90px !important;padding-bottom: 90px !important;}\u00bb]<\/p>\n<p style=\"text-align: center; font-family: Roboto; font-size: 35px; line-height: 40px;\"><span style=\"color: #ffffff;\"><strong>\u00a1Cycling a la<br \/>\nm\u00e1xima intensidad!<\/strong><\/span><\/p>\n<p>[\/vc_column_text][\/vc_column][\/vc_row][vc_row full_width=\u00bbstretch_row_content_no_spaces\u00bb css=\u00bb.vc_custom_1694589588627{background-image: url(https:\/\/cemmaresme.com\/wp-content\/uploads\/sites\/28\/2023\/09\/MRM-cycling.webp?id=19846) !important;background-position: center !important;background-repeat: no-repeat !important;background-size: cover !important;}\u00bb][vc_column offset=\u00bbvc_hidden-xs\u00bb][vc_custom_heading text=\u00bb\u00a1Cycling a la m\u00e1xima intensidad!\u00bb font_container=\u00bbtag:h1|font_size:50px|text_align:center|color:%23ffffff|line_height:60px\u00bb use_theme_fonts=\u00bbyes\u00bb css=\u00bb.vc_custom_1694589877864{padding-top: 151px !important;padding-bottom: 160px !important;}\u00bb][\/vc_column][\/vc_row][vc_row][vc_column][vc_column_text]Si te gusta asistir a clase y disfrutar de las mejores sesiones de cycling, \u00a1est\u00e1s en el lugar correcto!<\/p>\n<p>Consulta el horario de las clases de cycling<strong> <a target=\"_blank\" href=\"https:\/\/cemmaresme.com\/es\/actividades-dirigidas\/\" rel=\"noopener\">aqu\u00ed.<\/a><\/strong><\/p>\n<p>Planificamos la intensidad de las sesiones para trabajar cada semana con un objetivo concreto. Entrenamos todos los niveles necesarios (aer\u00f3bico, anaer\u00f3bico, muscular) en todos los entornos (llano, monta\u00f1a, subida, bajada) para mejorar el rendimiento del spinning. Te recomendamos traer el monitor cardiaco (puls\u00f3metro).<\/p>\n<p><strong>\u00bfQu\u00e9 es el cycling?<\/strong><\/p>\n<div>\n<p>Es una modalidad de ejercicio que se basa en la bicicleta est\u00e1tica tradicional pero que utiliza una tecnolog\u00eda m\u00e1s avanzada. Se populariz\u00f3 en Estados Unidos a finales de los a\u00f1os 80 y en la actualidad se ha extendido por todo el mundo.<\/p>\n<p>Aporta muchos beneficios, pues ayuda a quemar calor\u00edas y colesterol, refuerza el sistema cardiovascular y el sistema respiratorio, disminuye la presi\u00f3n arterial, fortalece los m\u00fasculos de los miembros inferiores, mejora la distribuci\u00f3n de la sangre y tonifica los gl\u00fateos entre otras ventajas. El cycling (o ciclo indoor) no requiere una gran capacidad de equilibrio ni de coordinaci\u00f3n, a diferencia de otras pr\u00e1cticas aer\u00f3bicas. Adem\u00e1s, puede hacerse en grupo, ya que las bicicletas son fijas.<\/p>\n<\/div>\n<p>\u00a1Te esperamos![\/vc_column_text][\/vc_column][\/vc_row][vc_row][vc_column width=\u00bb1\/2&#8243;][vc_video link=\u00bbhttps:\/\/youtu.be\/mEQE1OAZXhI\u00bb][\/vc_column][vc_column width=\u00bb1\/2&#8243;][vc_video link=\u00bbhttps:\/\/youtu.be\/EcnmEUOzQAo\u00bb][\/vc_column][\/vc_row][vc_row][vc_column][vc_raw_html]JTNDYSUyMGhyZWYlM0QlMjJodHRwcyUzQSUyRiUyRndhLm1lJTJGMzQ2NTY4ODMwMTAlM0YlMjIlMjBjbGFzcyUzRCUyMmZsb2F0LXdhJTIyJTIwdGFyZ2V0JTNEJTIyX2JsYW5rJTIyJTNFJTBBJTIwJTIwJTIwJTIwJTNDaSUyMGNsYXNzJTNEJTIyZmElMjBmYS13aGF0c2FwcCUyMiUyMHN0eWxlJTNEJTIybWFyZ2luLXRvcCUzQTE2cHglM0IlMjIlM0UlM0MlMkZpJTNFJTBBJTNDJTJGYSUzRQ==[\/vc_raw_html][\/vc_column][\/vc_row]<\/p>\n<\/div>","protected":false},"excerpt":{"rendered":"<p>[vc_row full_width=\u00bbstretch_row_content_no_spaces\u00bb css=\u00bb.vc_custom_1694589922695{background-image: url(https:\/\/cemmaresme.com\/wp-content\/uploads\/sites\/28\/2023\/09\/MRM-cycling.webp?id=19847) !important;background-position: center !important;background-repeat: no-repeat !important;background-size: cover !important;}\u00bb][vc_column offset=\u00bbvc_hidden-lg vc_hidden-md vc_hidden-sm\u00bb css=\u00bb.vc_custom_1678193107420{margin-bottom: -10px !important;}\u00bb][vc_column_text css=\u00bb.vc_custom_1694589891706{padding-top: 90px !important;padding-bottom: 90px !important;}\u00bb] \u00a1Cycling a la m\u00e1xima intensidad! [\/vc_column_text][\/vc_column][\/vc_row][vc_row full_width=\u00bbstretch_row_content_no_spaces\u00bb css=\u00bb.vc_custom_1694589588627{background-image: url(https:\/\/cemmaresme.com\/wp-content\/uploads\/sites\/28\/2023\/09\/MRM-cycling.webp?id=19846) !important;background-position: center !important;background-repeat: no-repeat !important;background-size: cover !important;}\u00bb][vc_column offset=\u00bbvc_hidden-xs\u00bb][vc_custom_heading text=\u00bb\u00a1Cycling a la m\u00e1xima intensidad!\u00bb font_container=\u00bbtag:h1|font_size:50px|text_align:center|color:%23ffffff|line_height:60px\u00bb use_theme_fonts=\u00bbyes\u00bb css=\u00bb.vc_custom_1694589877864{padding-top: 151px !important;padding-bottom: 160px !important;}\u00bb][\/vc_column][\/vc_row][vc_row][vc_column][vc_column_text]Si te gusta asistir a&hellip;<\/p>\n","protected":false},"author":4,"featured_media":0,"parent":0,"menu_order":0,"comment_status":"closed","ping_status":"closed","template":"","meta":{"footnotes":""},"class_list":["post-837","page","type-page","status-publish","hentry","description-off"],"yoast_head":"<!-- This site is optimized with the Yoast SEO plugin v26.8 - https:\/\/yoast.com\/product\/yoast-seo-wordpress\/ -->\n<title>Cycling - Desc\u00e1rgate la programaci\u00f3n - CEM Maresme - Barcelona<\/title>\n<meta name=\"description\" content=\"Cycling: entra para descargarte la programaci\u00f3n de spinning de las pr\u00f3ximas sesiones. \u00a1Ven a disfrutar de las mejores clases!\" \/>\n<meta name=\"robots\" content=\"index, follow, max-snippet:-1, max-image-preview:large, max-video-preview:-1\" \/>\n<link rel=\"canonical\" href=\"https:\/\/cemmaresme.com\/es\/cycling\/\" \/>\n<meta property=\"og:locale\" content=\"es_ES\" \/>\n<meta property=\"og:type\" content=\"article\" \/>\n<meta property=\"og:title\" content=\"Cycling - Desc\u00e1rgate la programaci\u00f3n - CEM Maresme - Barcelona\" \/>\n<meta property=\"og:description\" content=\"Cycling: entra para descargarte la programaci\u00f3n de spinning de las pr\u00f3ximas sesiones. \u00a1Ven a disfrutar de las mejores clases!\" \/>\n<meta property=\"og:url\" content=\"https:\/\/cemmaresme.com\/es\/cycling\/\" \/>\n<meta property=\"og:site_name\" content=\"CEM Maresme\" \/>\n<meta property=\"article:modified_time\" content=\"2024-11-13T12:12:38+00:00\" \/>\n<meta name=\"twitter:card\" content=\"summary_large_image\" \/>\n<meta name=\"twitter:label1\" content=\"Tiempo de lectura\" \/>\n\t<meta name=\"twitter:data1\" content=\"2 minutos\" \/>\n<script type=\"application\/ld+json\" class=\"yoast-schema-graph\">{\"@context\":\"https:\/\/schema.org\",\"@graph\":[{\"@type\":\"WebPage\",\"@id\":\"https:\/\/cemmaresme.com\/es\/cycling\/\",\"url\":\"https:\/\/cemmaresme.com\/es\/cycling\/\",\"name\":\"Cycling - Desc\u00e1rgate la programaci\u00f3n - CEM Maresme - Barcelona\",\"isPartOf\":{\"@id\":\"https:\/\/cemmaresme.com\/es\/#website\"},\"datePublished\":\"2017-07-28T16:33:08+00:00\",\"dateModified\":\"2024-11-13T12:12:38+00:00\",\"description\":\"Cycling: entra para descargarte la programaci\u00f3n de spinning de las pr\u00f3ximas sesiones. \u00a1Ven a disfrutar de las mejores clases!\",\"breadcrumb\":{\"@id\":\"https:\/\/cemmaresme.com\/es\/cycling\/#breadcrumb\"},\"inLanguage\":\"es\",\"potentialAction\":[{\"@type\":\"ReadAction\",\"target\":[\"https:\/\/cemmaresme.com\/es\/cycling\/\"]}]},{\"@type\":\"BreadcrumbList\",\"@id\":\"https:\/\/cemmaresme.com\/es\/cycling\/#breadcrumb\",\"itemListElement\":[{\"@type\":\"ListItem\",\"position\":1,\"name\":\"Portada\",\"item\":\"https:\/\/cemmaresme.com\/es\/\"},{\"@type\":\"ListItem\",\"position\":2,\"name\":\"Cycling\"}]},{\"@type\":\"WebSite\",\"@id\":\"https:\/\/cemmaresme.com\/es\/#website\",\"url\":\"https:\/\/cemmaresme.com\/es\/\",\"name\":\"CEM Maresme\",\"description\":\"CEM Maresme - Estem mols a prop teu!\",\"publisher\":{\"@id\":\"https:\/\/cemmaresme.com\/es\/#organization\"},\"potentialAction\":[{\"@type\":\"SearchAction\",\"target\":{\"@type\":\"EntryPoint\",\"urlTemplate\":\"https:\/\/cemmaresme.com\/es\/?s={search_term_string}\"},\"query-input\":{\"@type\":\"PropertyValueSpecification\",\"valueRequired\":true,\"valueName\":\"search_term_string\"}}],\"inLanguage\":\"es\"},{\"@type\":\"Organization\",\"@id\":\"https:\/\/cemmaresme.com\/es\/#organization\",\"name\":\"CDM Escuelas de San Ant\u00f3n\",\"url\":\"https:\/\/cemmaresme.com\/es\/\",\"logo\":{\"@type\":\"ImageObject\",\"inLanguage\":\"es\",\"@id\":\"https:\/\/cemmaresme.com\/es\/#\/schema\/logo\/image\/\",\"url\":\"https:\/\/cemmaresme.com\/wp-content\/uploads\/sites\/28\/2022\/01\/logo-maresme-horitzontal-online-web-desktop.png\",\"contentUrl\":\"https:\/\/cemmaresme.com\/wp-content\/uploads\/sites\/28\/2022\/01\/logo-maresme-horitzontal-online-web-desktop.png\",\"width\":235,\"height\":76,\"caption\":\"CDM Escuelas de San Ant\u00f3n\"},\"image\":{\"@id\":\"https:\/\/cemmaresme.com\/es\/#\/schema\/logo\/image\/\"}}]}<\/script>\n<!-- \/ Yoast SEO plugin. -->","yoast_head_json":{"title":"Cycling - Desc\u00e1rgate la programaci\u00f3n - CEM Maresme - Barcelona","description":"Cycling: entra para descargarte la programaci\u00f3n de spinning de las pr\u00f3ximas sesiones. \u00a1Ven a disfrutar de las mejores clases!","robots":{"index":"index","follow":"follow","max-snippet":"max-snippet:-1","max-image-preview":"max-image-preview:large","max-video-preview":"max-video-preview:-1"},"canonical":"https:\/\/cemmaresme.com\/es\/cycling\/","og_locale":"es_ES","og_type":"article","og_title":"Cycling - Desc\u00e1rgate la programaci\u00f3n - CEM Maresme - Barcelona","og_description":"Cycling: entra para descargarte la programaci\u00f3n de spinning de las pr\u00f3ximas sesiones. \u00a1Ven a disfrutar de las mejores clases!","og_url":"https:\/\/cemmaresme.com\/es\/cycling\/","og_site_name":"CEM Maresme","article_modified_time":"2024-11-13T12:12:38+00:00","twitter_card":"summary_large_image","twitter_misc":{"Tiempo de lectura":"2 minutos"},"schema":{"@context":"https:\/\/schema.org","@graph":[{"@type":"WebPage","@id":"https:\/\/cemmaresme.com\/es\/cycling\/","url":"https:\/\/cemmaresme.com\/es\/cycling\/","name":"Cycling - Desc\u00e1rgate la programaci\u00f3n - CEM Maresme - Barcelona","isPartOf":{"@id":"https:\/\/cemmaresme.com\/es\/#website"},"datePublished":"2017-07-28T16:33:08+00:00","dateModified":"2024-11-13T12:12:38+00:00","description":"Cycling: entra para descargarte la programaci\u00f3n de spinning de las pr\u00f3ximas sesiones. \u00a1Ven a disfrutar de las mejores clases!","breadcrumb":{"@id":"https:\/\/cemmaresme.com\/es\/cycling\/#breadcrumb"},"inLanguage":"es","potentialAction":[{"@type":"ReadAction","target":["https:\/\/cemmaresme.com\/es\/cycling\/"]}]},{"@type":"BreadcrumbList","@id":"https:\/\/cemmaresme.com\/es\/cycling\/#breadcrumb","itemListElement":[{"@type":"ListItem","position":1,"name":"Portada","item":"https:\/\/cemmaresme.com\/es\/"},{"@type":"ListItem","position":2,"name":"Cycling"}]},{"@type":"WebSite","@id":"https:\/\/cemmaresme.com\/es\/#website","url":"https:\/\/cemmaresme.com\/es\/","name":"CEM Maresme","description":"CEM Maresme - Estem mols a prop teu!","publisher":{"@id":"https:\/\/cemmaresme.com\/es\/#organization"},"potentialAction":[{"@type":"SearchAction","target":{"@type":"EntryPoint","urlTemplate":"https:\/\/cemmaresme.com\/es\/?s={search_term_string}"},"query-input":{"@type":"PropertyValueSpecification","valueRequired":true,"valueName":"search_term_string"}}],"inLanguage":"es"},{"@type":"Organization","@id":"https:\/\/cemmaresme.com\/es\/#organization","name":"CDM Escuelas de San Ant\u00f3n","url":"https:\/\/cemmaresme.com\/es\/","logo":{"@type":"ImageObject","inLanguage":"es","@id":"https:\/\/cemmaresme.com\/es\/#\/schema\/logo\/image\/","url":"https:\/\/cemmaresme.com\/wp-content\/uploads\/sites\/28\/2022\/01\/logo-maresme-horitzontal-online-web-desktop.png","contentUrl":"https:\/\/cemmaresme.com\/wp-content\/uploads\/sites\/28\/2022\/01\/logo-maresme-horitzontal-online-web-desktop.png","width":235,"height":76,"caption":"CDM Escuelas de San Ant\u00f3n"},"image":{"@id":"https:\/\/cemmaresme.com\/es\/#\/schema\/logo\/image\/"}}]}},"_links":{"self":[{"href":"https:\/\/cemmaresme.com\/es\/wp-json\/wp\/v2\/pages\/837","targetHints":{"allow":["GET"]}}],"collection":[{"href":"https:\/\/cemmaresme.com\/es\/wp-json\/wp\/v2\/pages"}],"about":[{"href":"https:\/\/cemmaresme.com\/es\/wp-json\/wp\/v2\/types\/page"}],"author":[{"embeddable":true,"href":"https:\/\/cemmaresme.com\/es\/wp-json\/wp\/v2\/users\/4"}],"replies":[{"embeddable":true,"href":"https:\/\/cemmaresme.com\/es\/wp-json\/wp\/v2\/comments?post=837"}],"version-history":[{"count":0,"href":"https:\/\/cemmaresme.com\/es\/wp-json\/wp\/v2\/pages\/837\/revisions"}],"wp:attachment":[{"href":"https:\/\/cemmaresme.com\/es\/wp-json\/wp\/v2\/media?parent=837"}],"curies":[{"name":"wp","href":"https:\/\/api.w.org\/{rel}","templated":true}]}}