{"id":74,"date":"2016-10-20T10:12:32","date_gmt":"2016-10-20T10:12:32","guid":{"rendered":"http:\/\/cdmescuelassananton.cet10.com\/?page_id=74"},"modified":"2026-03-19T13:02:12","modified_gmt":"2026-03-19T12:02:12","slug":"gimnasios-barcelona","status":"publish","type":"page","link":"https:\/\/cemmaresme.com\/es\/gimnasios-barcelona\/","title":{"rendered":"Con\u00f3cenos"},"content":{"rendered":"<div class=\"wpb-content-wrapper\"><p>[vc_row full_width=\u00bbstretch_row_content_no_spaces\u00bb css=\u00bb.vc_custom_1694535438717{background-image: url(https:\/\/cemmaresme.com\/wp-content\/uploads\/sites\/28\/2023\/09\/MRM-instalacions.webp?id=19777) !important;background-position: center !important;background-repeat: no-repeat !important;background-size: cover !important;}\u00bb][vc_column offset=\u00bbvc_hidden-lg vc_hidden-md vc_hidden-sm\u00bb css=\u00bb.vc_custom_1678193107420{margin-bottom: -10px !important;}\u00bb][vc_column_text css=\u00bb.vc_custom_1694537652063{padding-top: 90px !important;padding-bottom: 90px !important;}\u00bb]<\/p>\n<p style=\"text-align: center; font-family: Roboto; font-size: 35px; line-height: 40px;\"><span style=\"color: #ffffff;\"><strong>Servicios e instalaciones de CEM Maresme<\/strong><\/span><\/p>\n<p>[\/vc_column_text][\/vc_column][\/vc_row][vc_row full_width=\u00bbstretch_row_content_no_spaces\u00bb css=\u00bb.vc_custom_1694590244134{background-image: url(https:\/\/cemmaresme.com\/wp-content\/uploads\/sites\/28\/2023\/09\/MRM-instalacions.webp?id=19777) !important;background-position: center !important;background-repeat: no-repeat !important;background-size: cover !important;}\u00bb][vc_column offset=\u00bbvc_hidden-xs\u00bb][vc_custom_heading text=\u00bbServicios e instalaciones de CEM Maresme\u00bb font_container=\u00bbtag:h1|font_size:50px|text_align:center|color:%23ffffff|line_height:60px\u00bb use_theme_fonts=\u00bbyes\u00bb css=\u00bb.vc_custom_1694590225664{padding-top: 151px !important;padding-bottom: 160px !important;}\u00bb][\/vc_column][\/vc_row][vc_row parallax=\u00bbcontent-moving\u00bb css=\u00bb.vc_custom_1694535581389{background-position: center;background-repeat: no-repeat !important;background-size: cover !important;}\u00bb][vc_column width=\u00bb1\/2&#8243; css=\u00bb.vc_custom_1667820749952{margin-bottom: -20px !important;}\u00bb][vc_custom_heading text=\u00bbGimnasios Barcelona: tu centro deportivo a 5 minutos del Diagonal Mar\u00bb use_theme_fonts=\u00bbyes\u00bb el_id=\u00bbinstalaciones\u00bb][vc_column_text css=\u00bb.vc_custom_1651227045234{margin-bottom: 30px !important;}\u00bb]Gimnasios Barcelona: CEM Maresme dispone de m\u00e1s de 3.500 m2 de instalaciones deportivas. Ubicado a 5 minutos del centro comercial Diagonal Mar, descubrir\u00e1s un gran espacio con mucha luz natural y de trato cercano. Aqu\u00ed tienes todo lo que podr\u00e1s encontrar en el centro.[\/vc_column_text][vc_column_text css=\u00bb.vc_custom_1742818962654{margin-bottom: 30px !important;}\u00bb]<\/p>\n<h2>Grandes instalaciones con mucha luz natural<\/h2>\n<p>Si te gusta nadar, bailar zumba, hacer pesas, echar un partido de p\u00e1del o el deporte en general \u00a1VEN A VERNOS!<\/p>\n<p><ul class=\"standard-arrow list-divider bullet-top\"><li><p><strong>GRAN \u00c1REA ACU\u00c1TICA Y TERMAL CON DOS PISCINAS Y JACUZZI <\/strong><\/p>\n<p>Act\u00edvate con las clases acu\u00e1ticas, aprende a nadar en los cursos de nataci\u00f3n, divi\u00e9rtete con tu familia o rel\u00e1jate en el jacuzzi.<\/p>\n<\/li><li><p><strong>SAUNAS Y BA\u00d1OS DE VAPOR<\/strong><\/p>\n<p>Los ba\u00f1os de vapor y saunas est\u00e1n divididos por zona femenina y maculina. \u00a1Encuentra tu momento de desconexi\u00f3n!<\/p>\n<\/li><li><p><strong>SALA DE FITNESS Y PESOS LIBRES<\/strong><\/p>\n<p>Ponte en forma con m\u00e1quinas y equipo de alta calidad mientras disfrutas de grandes vistas al exterior. Si tienes dudas o necesitas soporte mientras realizas el entreno, siempre puedes contar con la ayuda de nuestros t\u00e9cnicos de sala y<strong> <a href=\"http:\/\/cemmaresme.com\/es\/entrenador-personal\/\">entrenadores personales<\/a>.<\/strong><\/p>\n<\/li><li><p><strong>SALA DE ACTIVIDADES DIRIGIDAS Y BENEFIT<\/strong><\/p>\n<p>Si prefieres hacer clases con un monitor, no te pierdas nuestras dos salas: una de gran amplitud y mucha luz natural para clases como zumba, tbc, body pump, gac, &#8230; y otra m\u00e1s peque\u00f1a y resguardada para clases m\u00e1s relajadas como yoga, pilates o body balance.<\/p>\n<\/li><li><p><strong>SALA DE CYCLING<br \/>\n<\/strong><\/p>\n<p>Revoluci\u00f3nate con nuestras sesiones de diferentes intensidades. Si lo pruebas, \u00a1seguro que no puedas parar de pedalear!<\/p>\n<\/li><li><p><strong>ESPACIO OUTDOOR<br \/>\n<\/strong><\/p>\n<p>Contamos con un espacio para actividades dirigidas en el aire libre y con equipamiento para realizar ejercicios de tipo boxeo y funcionales. <strong><a href=\"https:\/\/cemmaresme.com\/es\/actividades-dirigidas\/\">Consulta la info de clases aqu\u00ed.<\/a><\/strong><\/p>\n<\/li><li><p><strong>SOLARIUM<\/strong><\/p>\n<p>Desde abril hasta octubre podr\u00e1s tumbarte al sol en este espacio exclusivo e \u00edntimo.<\/p>\n<\/li><li><p><strong>5\u00a0PISTAS DE P\u00c1DEL EXTERIORES<br \/>\n<\/strong><\/p>\n<p>Alquila tu pista o ven a hacer clases de p\u00e1del (de todos los niveles para ni\u00f1os y adultos). Si quieres saber m\u00e1s, visita <strong><a href=\"https:\/\/cemmaresme.com\/es\/padel-maresme\/\">la secci\u00f3n de p\u00e1del aqu\u00ed.<\/a><\/strong><\/p>\n<\/li><\/ul>[\/vc_column_text][vc_column_text]<\/p>\n<h2>Cursos de nataci\u00f3n y Actividades KIDS<\/h2>\n<p>Los cursos de nataci\u00f3n del CEM Maresme est\u00e1n orientados tanto a ni\u00f1os como adultos. Con m\u00e1s de 1.000 cursillistas al a\u00f1o, disponemos de clases a partir de los 6 meses. Las inscripciones est\u00e1n abiertas durante todo el a\u00f1o.<strong> <a href=\"https:\/\/cemmaresme.com\/es\/actividades-extraescolares\/\">\u00a1Inf\u00f3rmate!<\/a><\/strong> Tambi\u00e9n ofrecemos otro tipo de <a href=\"https:\/\/cemmaresme.com\/es\/actividades-extraescolares\/\"><strong>actividades para los m\u00e1s peque\u00f1os<\/strong><\/a>, como el p\u00e1del kids, la zumba kids y muchas m\u00e1s.[\/vc_column_text][vc_column_text]<\/p>\n<h2>Actividades dirigidas<\/h2>\n<p>Te ofrecemos diversas clases,<strong> <a href=\"http:\/\/cemmaresme.com\/es\/actividades-dirigidas\/\">puedes consultar el horario aqu\u00ed<\/a> <\/strong>\u00a1Elige la tuya! Y, adem\u00e1s, contamos con actividades complementarias c\u00f3mo el yoga, danza oriental, hipopresivos, cursos para embarazadas, bailes modernos&#8230; <strong><a href=\"https:\/\/cemmaresme.com\/es\/actividades-dirigidas\/\">encuentra la tuya aqu\u00ed<\/a>.<\/strong>[\/vc_column_text][vc_column_text css=\u00bb\u00bb]<\/p>\n<h2>Reserva tu pista de p\u00e1del<\/h2>\n<p>Divi\u00e9rtete jugando un partido de p\u00e1del en una de las 5 pistas del CEM Maresme. Desde nuestra p\u00e1gina web puedes hacer tu<strong> <a href=\"https:\/\/cemmaresme.com\/es\/padel-maresme\/\">reserva de pista<\/a><\/strong>, buscar partidas abiertas e incluso informarte de las \u00faltimas novedades. Adem\u00e1s, <a href=\"http:\/\/cemmaresme.com\/es\/padel-app\/\"><strong>puedes descargarte aqu\u00ed nuestra APP<\/strong><\/a> y hacer todas estas operaciones desde tu m\u00f3vil de una manera m\u00e1s r\u00e1pida e intuitiva.[\/vc_column_text][vc_column_text]<\/p>\n<h2>Servicio de Entrenador personal<\/h2>\n<p>En nuestro centro encontrar\u00e1s a especialistas en \u00e1mbitos como la nataci\u00f3n, la fisioterapia, el fitness y la nutrici\u00f3n. Adem\u00e1s, te motivar\u00e1n, te aconsejar\u00e1n y te ayudar\u00e1n a conseguir tus objetivos.<\/p>\n<p>\u00bfQuieres ver qui\u00e9nes son?<strong> <a href=\"http:\/\/cemmaresme.com\/es\/entrenador-personal\/\">Entra en nuestra secci\u00f3n de Entrenador Personal.<\/a><\/strong>[\/vc_column_text][vc_column_text css=\u00bb.vc_custom_1673864368440{margin-bottom: 30px !important;}\u00bb]<\/p>\n<h2>Servicio de fisioterapia<\/h2>\n<p>Para nosotros tu bienestar y salud son claves. Por ese motivo te ofrecemos un servicio de fisioterapia donde podr\u00e1s obtener el tratamiento m\u00e1s adecuado para el bienestar de tu musculatura, para tu rehabilitaci\u00f3n o para la prevenci\u00f3n de lesiones. Las diferentes t\u00e9cnicas con las que trabajamos junto con nuestros expertos en fisioterapia te ser\u00e1n de gran ayuda. Para conocer con m\u00e1s detalle este servicio, visita la <strong><a href=\"http:\/\/cemmaresme.com\/es\/servicio-de-fisioterapia\/\">secci\u00f3n de fisio<\/a>.<\/strong>[\/vc_column_text][\/vc_column][vc_column width=\u00bb1\/2&#8243;][vc_single_image image=\u00bb8625&#8243; img_size=\u00bbfull\u00bb onclick=\u00bbcustom_link\u00bb img_link_target=\u00bb_blank\u00bb link=\u00bbhttp:\/\/mrm360.cet10.com\/CA\/maresme.html\u00bb][vc_empty_space height=\u00bb7px\u00bb][vc_single_image image=\u00bb7598&#8243; img_size=\u00bbfull\u00bb][vc_empty_space height=\u00bb7px\u00bb][vc_row_inner][vc_column_inner width=\u00bb1\/2&#8243;][vc_single_image image=\u00bb7601&#8243; img_size=\u00bbfull\u00bb][\/vc_column_inner][vc_column_inner width=\u00bb1\/2&#8243;][vc_single_image image=\u00bb7605&#8243; img_size=\u00bbfull\u00bb][\/vc_column_inner][\/vc_row_inner][vc_empty_space height=\u00bb7px\u00bb][vc_single_image image=\u00bb7609&#8243; img_size=\u00bbfull\u00bb][vc_empty_space height=\u00bb7px\u00bb][vc_single_image image=\u00bb7603&#8243; img_size=\u00bbfull\u00bb][vc_empty_space height=\u00bb7px\u00bb][vc_single_image image=\u00bb1668&#8243; img_size=\u00bbfull\u00bb][\/vc_column][\/vc_row][vc_row][vc_column][vc_raw_html]JTNDYSUyMGhyZWYlM0QlMjJodHRwcyUzQSUyRiUyRndhLm1lJTJGMzQ2NTY4ODMwMTAlM0YlMjIlMjBjbGFzcyUzRCUyMmZsb2F0LXdhJTIyJTIwdGFyZ2V0JTNEJTIyX2JsYW5rJTIyJTNFJTBBJTIwJTIwJTIwJTIwJTNDaSUyMGNsYXNzJTNEJTIyZmElMjBmYS13aGF0c2FwcCUyMiUyMHN0eWxlJTNEJTIybWFyZ2luLXRvcCUzQTE2cHglM0IlMjIlM0UlM0MlMkZpJTNFJTBBJTNDJTJGYSUzRQ==[\/vc_raw_html][\/vc_column][\/vc_row]<\/p>\n<\/div>","protected":false},"excerpt":{"rendered":"<p>[vc_row full_width=\u00bbstretch_row_content_no_spaces\u00bb css=\u00bb.vc_custom_1694535438717{background-image: url(https:\/\/cemmaresme.com\/wp-content\/uploads\/sites\/28\/2023\/09\/MRM-instalacions.webp?id=19777) !important;background-position: center !important;background-repeat: no-repeat !important;background-size: cover !important;}\u00bb][vc_column offset=\u00bbvc_hidden-lg vc_hidden-md vc_hidden-sm\u00bb css=\u00bb.vc_custom_1678193107420{margin-bottom: -10px !important;}\u00bb][vc_column_text css=\u00bb.vc_custom_1694537652063{padding-top: 90px !important;padding-bottom: 90px !important;}\u00bb] Servicios e instalaciones de CEM Maresme [\/vc_column_text][\/vc_column][\/vc_row][vc_row full_width=\u00bbstretch_row_content_no_spaces\u00bb css=\u00bb.vc_custom_1694590244134{background-image: url(https:\/\/cemmaresme.com\/wp-content\/uploads\/sites\/28\/2023\/09\/MRM-instalacions.webp?id=19777) !important;background-position: center !important;background-repeat: no-repeat !important;background-size: cover !important;}\u00bb][vc_column offset=\u00bbvc_hidden-xs\u00bb][vc_custom_heading text=\u00bbServicios e instalaciones de CEM Maresme\u00bb font_container=\u00bbtag:h1|font_size:50px|text_align:center|color:%23ffffff|line_height:60px\u00bb use_theme_fonts=\u00bbyes\u00bb css=\u00bb.vc_custom_1694590225664{padding-top: 151px !important;padding-bottom: 160px !important;}\u00bb][\/vc_column][\/vc_row][vc_row parallax=\u00bbcontent-moving\u00bb css=\u00bb.vc_custom_1694535581389{background-position:&hellip;<\/p>\n","protected":false},"author":4,"featured_media":0,"parent":0,"menu_order":0,"comment_status":"closed","ping_status":"closed","template":"","meta":{"footnotes":""},"class_list":["post-74","page","type-page","status-publish","hentry","description-off"],"yoast_head":"<!-- This site is optimized with the Yoast SEO plugin v26.8 - https:\/\/yoast.com\/product\/yoast-seo-wordpress\/ -->\n<title>Gimnasios Barcelona CEM Maresme a 5 minutos del Diagonal Mar<\/title>\n<meta name=\"description\" content=\"Gimnasios barcelona: en CEM Maresme disfrutar\u00e1s de clases dirigidas, piscina, p\u00e1del, sala de fitness y pesas... \u00a1y mucho m\u00e1s!\" \/>\n<meta name=\"robots\" content=\"index, follow, max-snippet:-1, max-image-preview:large, max-video-preview:-1\" \/>\n<link rel=\"canonical\" href=\"https:\/\/cemmaresme.com\/es\/gimnasios-barcelona\/\" \/>\n<meta property=\"og:locale\" content=\"es_ES\" \/>\n<meta property=\"og:type\" content=\"article\" \/>\n<meta property=\"og:title\" content=\"Gimnasios Barcelona CEM Maresme a 5 minutos del Diagonal Mar\" \/>\n<meta property=\"og:description\" content=\"Gimnasios barcelona: en CEM Maresme disfrutar\u00e1s de clases dirigidas, piscina, p\u00e1del, sala de fitness y pesas... \u00a1y mucho m\u00e1s!\" \/>\n<meta property=\"og:url\" content=\"https:\/\/cemmaresme.com\/es\/gimnasios-barcelona\/\" \/>\n<meta property=\"og:site_name\" content=\"CEM Maresme\" \/>\n<meta property=\"article:modified_time\" content=\"2026-03-19T12:02:12+00:00\" \/>\n<meta name=\"twitter:card\" content=\"summary_large_image\" \/>\n<meta name=\"twitter:label1\" content=\"Tiempo de lectura\" \/>\n\t<meta name=\"twitter:data1\" content=\"4 minutos\" \/>\n<script type=\"application\/ld+json\" class=\"yoast-schema-graph\">{\"@context\":\"https:\/\/schema.org\",\"@graph\":[{\"@type\":\"WebPage\",\"@id\":\"https:\/\/cemmaresme.com\/es\/gimnasios-barcelona\/\",\"url\":\"https:\/\/cemmaresme.com\/es\/gimnasios-barcelona\/\",\"name\":\"Gimnasios Barcelona CEM Maresme a 5 minutos del Diagonal Mar\",\"isPartOf\":{\"@id\":\"https:\/\/cemmaresme.com\/es\/#website\"},\"datePublished\":\"2016-10-20T10:12:32+00:00\",\"dateModified\":\"2026-03-19T12:02:12+00:00\",\"description\":\"Gimnasios barcelona: en CEM Maresme disfrutar\u00e1s de clases dirigidas, piscina, p\u00e1del, sala de fitness y pesas... \u00a1y mucho m\u00e1s!\",\"breadcrumb\":{\"@id\":\"https:\/\/cemmaresme.com\/es\/gimnasios-barcelona\/#breadcrumb\"},\"inLanguage\":\"es\",\"potentialAction\":[{\"@type\":\"ReadAction\",\"target\":[\"https:\/\/cemmaresme.com\/es\/gimnasios-barcelona\/\"]}]},{\"@type\":\"BreadcrumbList\",\"@id\":\"https:\/\/cemmaresme.com\/es\/gimnasios-barcelona\/#breadcrumb\",\"itemListElement\":[{\"@type\":\"ListItem\",\"position\":1,\"name\":\"Portada\",\"item\":\"https:\/\/cemmaresme.com\/es\/\"},{\"@type\":\"ListItem\",\"position\":2,\"name\":\"Con\u00f3cenos\"}]},{\"@type\":\"WebSite\",\"@id\":\"https:\/\/cemmaresme.com\/es\/#website\",\"url\":\"https:\/\/cemmaresme.com\/es\/\",\"name\":\"CEM Maresme\",\"description\":\"CEM Maresme - Estem mols a prop teu!\",\"publisher\":{\"@id\":\"https:\/\/cemmaresme.com\/es\/#organization\"},\"potentialAction\":[{\"@type\":\"SearchAction\",\"target\":{\"@type\":\"EntryPoint\",\"urlTemplate\":\"https:\/\/cemmaresme.com\/es\/?s={search_term_string}\"},\"query-input\":{\"@type\":\"PropertyValueSpecification\",\"valueRequired\":true,\"valueName\":\"search_term_string\"}}],\"inLanguage\":\"es\"},{\"@type\":\"Organization\",\"@id\":\"https:\/\/cemmaresme.com\/es\/#organization\",\"name\":\"CDM Escuelas de San Ant\u00f3n\",\"url\":\"https:\/\/cemmaresme.com\/es\/\",\"logo\":{\"@type\":\"ImageObject\",\"inLanguage\":\"es\",\"@id\":\"https:\/\/cemmaresme.com\/es\/#\/schema\/logo\/image\/\",\"url\":\"https:\/\/cemmaresme.com\/wp-content\/uploads\/sites\/28\/2022\/01\/logo-maresme-horitzontal-online-web-desktop.png\",\"contentUrl\":\"https:\/\/cemmaresme.com\/wp-content\/uploads\/sites\/28\/2022\/01\/logo-maresme-horitzontal-online-web-desktop.png\",\"width\":235,\"height\":76,\"caption\":\"CDM Escuelas de San Ant\u00f3n\"},\"image\":{\"@id\":\"https:\/\/cemmaresme.com\/es\/#\/schema\/logo\/image\/\"}}]}<\/script>\n<!-- \/ Yoast SEO plugin. -->","yoast_head_json":{"title":"Gimnasios Barcelona CEM Maresme a 5 minutos del Diagonal Mar","description":"Gimnasios barcelona: en CEM Maresme disfrutar\u00e1s de clases dirigidas, piscina, p\u00e1del, sala de fitness y pesas... \u00a1y mucho m\u00e1s!","robots":{"index":"index","follow":"follow","max-snippet":"max-snippet:-1","max-image-preview":"max-image-preview:large","max-video-preview":"max-video-preview:-1"},"canonical":"https:\/\/cemmaresme.com\/es\/gimnasios-barcelona\/","og_locale":"es_ES","og_type":"article","og_title":"Gimnasios Barcelona CEM Maresme a 5 minutos del Diagonal Mar","og_description":"Gimnasios barcelona: en CEM Maresme disfrutar\u00e1s de clases dirigidas, piscina, p\u00e1del, sala de fitness y pesas... \u00a1y mucho m\u00e1s!","og_url":"https:\/\/cemmaresme.com\/es\/gimnasios-barcelona\/","og_site_name":"CEM Maresme","article_modified_time":"2026-03-19T12:02:12+00:00","twitter_card":"summary_large_image","twitter_misc":{"Tiempo de lectura":"4 minutos"},"schema":{"@context":"https:\/\/schema.org","@graph":[{"@type":"WebPage","@id":"https:\/\/cemmaresme.com\/es\/gimnasios-barcelona\/","url":"https:\/\/cemmaresme.com\/es\/gimnasios-barcelona\/","name":"Gimnasios Barcelona CEM Maresme a 5 minutos del Diagonal Mar","isPartOf":{"@id":"https:\/\/cemmaresme.com\/es\/#website"},"datePublished":"2016-10-20T10:12:32+00:00","dateModified":"2026-03-19T12:02:12+00:00","description":"Gimnasios barcelona: en CEM Maresme disfrutar\u00e1s de clases dirigidas, piscina, p\u00e1del, sala de fitness y pesas... \u00a1y mucho m\u00e1s!","breadcrumb":{"@id":"https:\/\/cemmaresme.com\/es\/gimnasios-barcelona\/#breadcrumb"},"inLanguage":"es","potentialAction":[{"@type":"ReadAction","target":["https:\/\/cemmaresme.com\/es\/gimnasios-barcelona\/"]}]},{"@type":"BreadcrumbList","@id":"https:\/\/cemmaresme.com\/es\/gimnasios-barcelona\/#breadcrumb","itemListElement":[{"@type":"ListItem","position":1,"name":"Portada","item":"https:\/\/cemmaresme.com\/es\/"},{"@type":"ListItem","position":2,"name":"Con\u00f3cenos"}]},{"@type":"WebSite","@id":"https:\/\/cemmaresme.com\/es\/#website","url":"https:\/\/cemmaresme.com\/es\/","name":"CEM Maresme","description":"CEM Maresme - Estem mols a prop teu!","publisher":{"@id":"https:\/\/cemmaresme.com\/es\/#organization"},"potentialAction":[{"@type":"SearchAction","target":{"@type":"EntryPoint","urlTemplate":"https:\/\/cemmaresme.com\/es\/?s={search_term_string}"},"query-input":{"@type":"PropertyValueSpecification","valueRequired":true,"valueName":"search_term_string"}}],"inLanguage":"es"},{"@type":"Organization","@id":"https:\/\/cemmaresme.com\/es\/#organization","name":"CDM Escuelas de San Ant\u00f3n","url":"https:\/\/cemmaresme.com\/es\/","logo":{"@type":"ImageObject","inLanguage":"es","@id":"https:\/\/cemmaresme.com\/es\/#\/schema\/logo\/image\/","url":"https:\/\/cemmaresme.com\/wp-content\/uploads\/sites\/28\/2022\/01\/logo-maresme-horitzontal-online-web-desktop.png","contentUrl":"https:\/\/cemmaresme.com\/wp-content\/uploads\/sites\/28\/2022\/01\/logo-maresme-horitzontal-online-web-desktop.png","width":235,"height":76,"caption":"CDM Escuelas de San Ant\u00f3n"},"image":{"@id":"https:\/\/cemmaresme.com\/es\/#\/schema\/logo\/image\/"}}]}},"_links":{"self":[{"href":"https:\/\/cemmaresme.com\/es\/wp-json\/wp\/v2\/pages\/74","targetHints":{"allow":["GET"]}}],"collection":[{"href":"https:\/\/cemmaresme.com\/es\/wp-json\/wp\/v2\/pages"}],"about":[{"href":"https:\/\/cemmaresme.com\/es\/wp-json\/wp\/v2\/types\/page"}],"author":[{"embeddable":true,"href":"https:\/\/cemmaresme.com\/es\/wp-json\/wp\/v2\/users\/4"}],"replies":[{"embeddable":true,"href":"https:\/\/cemmaresme.com\/es\/wp-json\/wp\/v2\/comments?post=74"}],"version-history":[{"count":1,"href":"https:\/\/cemmaresme.com\/es\/wp-json\/wp\/v2\/pages\/74\/revisions"}],"predecessor-version":[{"id":129596,"href":"https:\/\/cemmaresme.com\/es\/wp-json\/wp\/v2\/pages\/74\/revisions\/129596"}],"wp:attachment":[{"href":"https:\/\/cemmaresme.com\/es\/wp-json\/wp\/v2\/media?parent=74"}],"curies":[{"name":"wp","href":"https:\/\/api.w.org\/{rel}","templated":true}]}}