{"id":268,"date":"2016-10-27T08:54:57","date_gmt":"2016-10-27T08:54:57","guid":{"rendered":"http:\/\/cdmescuelassananton.cet10.com\/aviso-legal-copy\/"},"modified":"2025-11-26T18:29:52","modified_gmt":"2025-11-26T16:29:52","slug":"mapa-del-sitio","status":"publish","type":"page","link":"https:\/\/cemmaresme.com\/es\/mapa-del-sitio\/","title":{"rendered":"Mapa del sitio"},"content":{"rendered":"<div class=\"wpb-content-wrapper\"><p>[vc_row css=\u00bb.vc_custom_1411479622940{padding-top: 10px !important;padding-bottom: 10px !important;background-color: #ededed !important;background-position: center !important;background-repeat: no-repeat !important;background-size: cover !important;}\u00bb][vc_column width=\u00bb1\/3&#8243;][vc_column_text]<a href=\"https:\/\/cemmaresme.com\/es\/\">Inicio<\/a><\/p>\n<p><a href=\"https:\/\/cemmaresme.com\/es\/gimnasios-barcelona\/\">Con\u00f3cenos<\/a><\/p>\n<p><a href=\"https:\/\/cemmaresme.com\/es\/padel-app\/\">Desc\u00e1rgate la APP<\/a><\/p>\n<p><a href=\"https:\/\/cemmaresme.com\/es\/actividades-dirigidas\/\">Actividades dirigidas<\/a><\/p>\n<p><a href=\"https:\/\/cemmaresme.com\/es\/actividades-para-ninos\/\">Actividades para ni\u00f1os<\/a><\/p>\n<p><a href=\"https:\/\/cemmaresme.com\/es\/contacto\/\">Contacto<\/a>[\/vc_column_text][\/vc_column][vc_column width=\u00bb1\/3&#8243;][vc_column_text css=\u00bb\u00bb]<a href=\"https:\/\/cemmaresme.com\/es\/entrenador-personal\/\">Entrenador personal<\/a><\/p>\n<p><a href=\"https:\/\/cemmaresme.com\/es\/equipo\/\">Equipo<\/a><\/p>\n<p><a href=\"https:\/\/cemmaresme.com\/es\/servicio-de-fisioterapia\/\">Fisioterapia<\/a><\/p>\n<p><a href=\"https:\/\/cemmaresme.com\/es\/fiesta-cumpleanos\/\">Fiestas de aniversario<\/a><\/p>\n<p><a href=\"https:\/\/cemmaresme.com\/es\/padel-maresme\/\">Reserva tu pista de p\u00e1del<\/a><\/p>\n<p><a href=\"https:\/\/cemmaresme.com\/es\/area-de-clientes\/\">\u00c1rea de clientes<\/a>[\/vc_column_text][\/vc_column][vc_column width=\u00bb1\/3&#8243;][vc_column_text css=\u00bb\u00bb]<a href=\"https:\/\/cemmaresme.com\/es\/aviso-legal\/\">Aviso legal<\/a><\/p>\n<p><a href=\"https:\/\/cemmaresme.com\/es\/politica-de-cookies\/\">Pol\u00edtica de cookies<\/a><\/p>\n<p><a href=\"https:\/\/cemmaresme.com\/politica-de-vendes-i-devolucions\/\">Pol\u00edtica de ventas y devoluciones<\/a><\/p>\n<p><a href=\"https:\/\/cemmaresme.com\/es\/trabaja-con-nosotros\/\">Trabaja con nosotros<\/a>[\/vc_column_text][\/vc_column][\/vc_row]<\/p>\n<\/div>","protected":false},"excerpt":{"rendered":"<p>[vc_row css=\u00bb.vc_custom_1411479622940{padding-top: 10px !important;padding-bottom: 10px !important;background-color: #ededed !important;background-position: center !important;background-repeat: no-repeat !important;background-size: cover !important;}\u00bb][vc_column width=\u00bb1\/3&#8243;][vc_column_text]Inicio Con\u00f3cenos Desc\u00e1rgate la APP Actividades dirigidas Actividades para ni\u00f1os Contacto[\/vc_column_text][\/vc_column][vc_column width=\u00bb1\/3&#8243;][vc_column_text css=\u00bb\u00bb]Entrenador personal Equipo Fisioterapia Fiestas de aniversario Reserva tu pista de p\u00e1del \u00c1rea de clientes[\/vc_column_text][\/vc_column][vc_column width=\u00bb1\/3&#8243;][vc_column_text css=\u00bb\u00bb]Aviso legal Pol\u00edtica de cookies Pol\u00edtica de ventas y devoluciones Trabaja con nosotros[\/vc_column_text][\/vc_column][\/vc_row]<\/p>\n","protected":false},"author":4,"featured_media":0,"parent":0,"menu_order":0,"comment_status":"closed","ping_status":"closed","template":"","meta":{"footnotes":""},"class_list":["post-268","page","type-page","status-publish","hentry","description-off"],"yoast_head":"<!-- This site is optimized with the Yoast SEO plugin v26.8 - https:\/\/yoast.com\/product\/yoast-seo-wordpress\/ -->\n<title>CEM Maresme - Mapa del sitio<\/title>\n<meta name=\"robots\" content=\"index, follow, max-snippet:-1, max-image-preview:large, max-video-preview:-1\" \/>\n<link rel=\"canonical\" href=\"https:\/\/cemmaresme.com\/es\/mapa-del-sitio\/\" \/>\n<meta property=\"og:locale\" content=\"es_ES\" \/>\n<meta property=\"og:type\" content=\"article\" \/>\n<meta property=\"og:title\" content=\"CEM Maresme - Mapa del sitio\" \/>\n<meta property=\"og:description\" content=\"[vc_row css=\u00bb.vc_custom_1411479622940{padding-top: 10px !important;padding-bottom: 10px !important;background-color: #ededed !important;background-position: center !important;background-repeat: no-repeat !important;background-size: cover !important;}\u00bb][vc_column width=\u00bb1\/3&#8243;][vc_column_text]Inicio Con\u00f3cenos Desc\u00e1rgate la APP Actividades dirigidas Actividades para ni\u00f1os Contacto[\/vc_column_text][\/vc_column][vc_column width=\u00bb1\/3&#8243;][vc_column_text css=\u00bb\u00bb]Entrenador personal Equipo Fisioterapia Fiestas de aniversario Reserva tu pista de p\u00e1del \u00c1rea de clientes[\/vc_column_text][\/vc_column][vc_column width=\u00bb1\/3&#8243;][vc_column_text css=\u00bb\u00bb]Aviso legal Pol\u00edtica de cookies Pol\u00edtica de ventas y devoluciones Trabaja con nosotros[\/vc_column_text][\/vc_column][\/vc_row]\" \/>\n<meta property=\"og:url\" content=\"https:\/\/cemmaresme.com\/es\/mapa-del-sitio\/\" \/>\n<meta property=\"og:site_name\" content=\"CEM Maresme\" \/>\n<meta property=\"article:modified_time\" content=\"2025-11-26T16:29:52+00:00\" \/>\n<meta name=\"twitter:card\" content=\"summary_large_image\" \/>\n<meta name=\"twitter:label1\" content=\"Tiempo de lectura\" \/>\n\t<meta name=\"twitter:data1\" content=\"1 minuto\" \/>\n<script type=\"application\/ld+json\" class=\"yoast-schema-graph\">{\"@context\":\"https:\/\/schema.org\",\"@graph\":[{\"@type\":\"WebPage\",\"@id\":\"https:\/\/cemmaresme.com\/es\/mapa-del-sitio\/\",\"url\":\"https:\/\/cemmaresme.com\/es\/mapa-del-sitio\/\",\"name\":\"CEM Maresme - Mapa del sitio\",\"isPartOf\":{\"@id\":\"https:\/\/cemmaresme.com\/es\/#website\"},\"datePublished\":\"2016-10-27T08:54:57+00:00\",\"dateModified\":\"2025-11-26T16:29:52+00:00\",\"breadcrumb\":{\"@id\":\"https:\/\/cemmaresme.com\/es\/mapa-del-sitio\/#breadcrumb\"},\"inLanguage\":\"es\",\"potentialAction\":[{\"@type\":\"ReadAction\",\"target\":[\"https:\/\/cemmaresme.com\/es\/mapa-del-sitio\/\"]}]},{\"@type\":\"BreadcrumbList\",\"@id\":\"https:\/\/cemmaresme.com\/es\/mapa-del-sitio\/#breadcrumb\",\"itemListElement\":[{\"@type\":\"ListItem\",\"position\":1,\"name\":\"Portada\",\"item\":\"https:\/\/cemmaresme.com\/es\/\"},{\"@type\":\"ListItem\",\"position\":2,\"name\":\"Mapa del sitio\"}]},{\"@type\":\"WebSite\",\"@id\":\"https:\/\/cemmaresme.com\/es\/#website\",\"url\":\"https:\/\/cemmaresme.com\/es\/\",\"name\":\"CEM Maresme\",\"description\":\"CEM Maresme - Estem mols a prop teu!\",\"publisher\":{\"@id\":\"https:\/\/cemmaresme.com\/es\/#organization\"},\"potentialAction\":[{\"@type\":\"SearchAction\",\"target\":{\"@type\":\"EntryPoint\",\"urlTemplate\":\"https:\/\/cemmaresme.com\/es\/?s={search_term_string}\"},\"query-input\":{\"@type\":\"PropertyValueSpecification\",\"valueRequired\":true,\"valueName\":\"search_term_string\"}}],\"inLanguage\":\"es\"},{\"@type\":\"Organization\",\"@id\":\"https:\/\/cemmaresme.com\/es\/#organization\",\"name\":\"CDM Escuelas de San Ant\u00f3n\",\"url\":\"https:\/\/cemmaresme.com\/es\/\",\"logo\":{\"@type\":\"ImageObject\",\"inLanguage\":\"es\",\"@id\":\"https:\/\/cemmaresme.com\/es\/#\/schema\/logo\/image\/\",\"url\":\"https:\/\/cemmaresme.com\/wp-content\/uploads\/sites\/28\/2022\/01\/logo-maresme-horitzontal-online-web-desktop.png\",\"contentUrl\":\"https:\/\/cemmaresme.com\/wp-content\/uploads\/sites\/28\/2022\/01\/logo-maresme-horitzontal-online-web-desktop.png\",\"width\":235,\"height\":76,\"caption\":\"CDM Escuelas de San Ant\u00f3n\"},\"image\":{\"@id\":\"https:\/\/cemmaresme.com\/es\/#\/schema\/logo\/image\/\"}}]}<\/script>\n<!-- \/ Yoast SEO plugin. -->","yoast_head_json":{"title":"CEM Maresme - Mapa del sitio","robots":{"index":"index","follow":"follow","max-snippet":"max-snippet:-1","max-image-preview":"max-image-preview:large","max-video-preview":"max-video-preview:-1"},"canonical":"https:\/\/cemmaresme.com\/es\/mapa-del-sitio\/","og_locale":"es_ES","og_type":"article","og_title":"CEM Maresme - Mapa del sitio","og_description":"[vc_row css=\u00bb.vc_custom_1411479622940{padding-top: 10px !important;padding-bottom: 10px !important;background-color: #ededed !important;background-position: center !important;background-repeat: no-repeat !important;background-size: cover !important;}\u00bb][vc_column width=\u00bb1\/3&#8243;][vc_column_text]Inicio Con\u00f3cenos Desc\u00e1rgate la APP Actividades dirigidas Actividades para ni\u00f1os Contacto[\/vc_column_text][\/vc_column][vc_column width=\u00bb1\/3&#8243;][vc_column_text css=\u00bb\u00bb]Entrenador personal Equipo Fisioterapia Fiestas de aniversario Reserva tu pista de p\u00e1del \u00c1rea de clientes[\/vc_column_text][\/vc_column][vc_column width=\u00bb1\/3&#8243;][vc_column_text css=\u00bb\u00bb]Aviso legal Pol\u00edtica de cookies Pol\u00edtica de ventas y devoluciones Trabaja con nosotros[\/vc_column_text][\/vc_column][\/vc_row]","og_url":"https:\/\/cemmaresme.com\/es\/mapa-del-sitio\/","og_site_name":"CEM Maresme","article_modified_time":"2025-11-26T16:29:52+00:00","twitter_card":"summary_large_image","twitter_misc":{"Tiempo de lectura":"1 minuto"},"schema":{"@context":"https:\/\/schema.org","@graph":[{"@type":"WebPage","@id":"https:\/\/cemmaresme.com\/es\/mapa-del-sitio\/","url":"https:\/\/cemmaresme.com\/es\/mapa-del-sitio\/","name":"CEM Maresme - Mapa del sitio","isPartOf":{"@id":"https:\/\/cemmaresme.com\/es\/#website"},"datePublished":"2016-10-27T08:54:57+00:00","dateModified":"2025-11-26T16:29:52+00:00","breadcrumb":{"@id":"https:\/\/cemmaresme.com\/es\/mapa-del-sitio\/#breadcrumb"},"inLanguage":"es","potentialAction":[{"@type":"ReadAction","target":["https:\/\/cemmaresme.com\/es\/mapa-del-sitio\/"]}]},{"@type":"BreadcrumbList","@id":"https:\/\/cemmaresme.com\/es\/mapa-del-sitio\/#breadcrumb","itemListElement":[{"@type":"ListItem","position":1,"name":"Portada","item":"https:\/\/cemmaresme.com\/es\/"},{"@type":"ListItem","position":2,"name":"Mapa del sitio"}]},{"@type":"WebSite","@id":"https:\/\/cemmaresme.com\/es\/#website","url":"https:\/\/cemmaresme.com\/es\/","name":"CEM Maresme","description":"CEM Maresme - Estem mols a prop teu!","publisher":{"@id":"https:\/\/cemmaresme.com\/es\/#organization"},"potentialAction":[{"@type":"SearchAction","target":{"@type":"EntryPoint","urlTemplate":"https:\/\/cemmaresme.com\/es\/?s={search_term_string}"},"query-input":{"@type":"PropertyValueSpecification","valueRequired":true,"valueName":"search_term_string"}}],"inLanguage":"es"},{"@type":"Organization","@id":"https:\/\/cemmaresme.com\/es\/#organization","name":"CDM Escuelas de San Ant\u00f3n","url":"https:\/\/cemmaresme.com\/es\/","logo":{"@type":"ImageObject","inLanguage":"es","@id":"https:\/\/cemmaresme.com\/es\/#\/schema\/logo\/image\/","url":"https:\/\/cemmaresme.com\/wp-content\/uploads\/sites\/28\/2022\/01\/logo-maresme-horitzontal-online-web-desktop.png","contentUrl":"https:\/\/cemmaresme.com\/wp-content\/uploads\/sites\/28\/2022\/01\/logo-maresme-horitzontal-online-web-desktop.png","width":235,"height":76,"caption":"CDM Escuelas de San Ant\u00f3n"},"image":{"@id":"https:\/\/cemmaresme.com\/es\/#\/schema\/logo\/image\/"}}]}},"_links":{"self":[{"href":"https:\/\/cemmaresme.com\/es\/wp-json\/wp\/v2\/pages\/268","targetHints":{"allow":["GET"]}}],"collection":[{"href":"https:\/\/cemmaresme.com\/es\/wp-json\/wp\/v2\/pages"}],"about":[{"href":"https:\/\/cemmaresme.com\/es\/wp-json\/wp\/v2\/types\/page"}],"author":[{"embeddable":true,"href":"https:\/\/cemmaresme.com\/es\/wp-json\/wp\/v2\/users\/4"}],"replies":[{"embeddable":true,"href":"https:\/\/cemmaresme.com\/es\/wp-json\/wp\/v2\/comments?post=268"}],"version-history":[{"count":1,"href":"https:\/\/cemmaresme.com\/es\/wp-json\/wp\/v2\/pages\/268\/revisions"}],"predecessor-version":[{"id":128399,"href":"https:\/\/cemmaresme.com\/es\/wp-json\/wp\/v2\/pages\/268\/revisions\/128399"}],"wp:attachment":[{"href":"https:\/\/cemmaresme.com\/es\/wp-json\/wp\/v2\/media?parent=268"}],"curies":[{"name":"wp","href":"https:\/\/api.w.org\/{rel}","templated":true}]}}