{"id":18886,"date":"2023-08-17T14:19:42","date_gmt":"2023-08-17T12:19:42","guid":{"rendered":"https:\/\/cemmaresme.com\/activitats-dirigides-copy\/"},"modified":"2026-03-19T11:36:19","modified_gmt":"2026-03-19T10:36:19","slug":"actividades-dirigidas","status":"publish","type":"page","link":"https:\/\/cemmaresme.com\/es\/actividades-dirigidas\/","title":{"rendered":"Actividades dirigidas"},"content":{"rendered":"<div class=\"wpb-content-wrapper\"><p>[vc_row full_width=\u00bbstretch_row_content_no_spaces\u00bb css=\u00bb.vc_custom_1694675806122{background-image: url(https:\/\/cemmaresme.com\/wp-content\/uploads\/sites\/28\/2023\/08\/P_21_NOU-HEADER_1920-X-600-PX.webp?id=18883) !important;background-position: center !important;background-repeat: no-repeat !important;background-size: cover !important;}\u00bb][vc_column offset=\u00bbvc_hidden-xs\u00bb][vc_custom_heading text=\u00bbHorarios de actividades dirigidas\u00bb font_container=\u00bbtag:h1|font_size:50px|text_align:center|color:%23ffffff|line_height:60px\u00bb use_theme_fonts=\u00bbyes\u00bb css=\u00bb.vc_custom_1694675792942{padding-top: 151px !important;padding-bottom: 160px !important;}\u00bb][\/vc_column][\/vc_row][vc_row full_width=\u00bbstretch_row_content_no_spaces\u00bb css=\u00bb.vc_custom_1694537124920{background-image: url(https:\/\/cemmaresme.com\/wp-content\/uploads\/sites\/28\/2023\/08\/P_21_NOU-HEADER_1920-X-600-PX.webp?id=18883) !important;background-position: center !important;background-repeat: no-repeat !important;background-size: cover !important;}\u00bb][vc_column offset=\u00bbvc_hidden-lg vc_hidden-md vc_hidden-sm\u00bb css=\u00bb.vc_custom_1678193107420{margin-bottom: -10px !important;}\u00bb][vc_column_text css=\u00bb.vc_custom_1694537173359{padding-top: 90px !important;padding-bottom: 90px !important;}\u00bb]<\/p>\n<p style=\"text-align: center; font-family: Roboto; font-size: 35px; line-height: 40px;\"><span style=\"color: #ffffff;\"><strong>Horarios de<br \/>\nactividades dirigidas<\/strong><\/span><\/p>\n<p>[\/vc_column_text][\/vc_column][\/vc_row][vc_row css=\u00bb.vc_custom_1694589074283{margin-top: 20px !important;margin-bottom: -1px !important;}\u00bb][vc_column width=\u00bb2\/3&#8243;][vc_column_text css=\u00bb.vc_custom_1692703359799{margin-top: -10px !important;margin-bottom: 20px !important;}\u00bb]A continuaci\u00f3n, consulta los horarios de las actividades dirigidas y cycling del CEM Maresme y, si dispones de la cuota CET10 Pass, tambi\u00e9n tienes los horarios de clases de los centros de fitness CET10: CEM Bac de Roda y CEM J\u00fapiter.[\/vc_column_text]<style type=\"text\/css\" data-type=\"the7_shortcodes-inline-css\">#default-btn-41a0720f21918a40babb913a84111403 {\n  border-radius: 50px;\n  font-size: 15px;\n  line-height: 17px;\n}\n.btn-shadow#default-btn-41a0720f21918a40babb913a84111403 {\n  box-shadow: 0 1px 6px rgba(0,0,0,0.12);\n  transition: box-shadow 0.2s ease-out, opacity 0.45s;\n}\n.btn-shadow#default-btn-41a0720f21918a40babb913a84111403:hover {\n  box-shadow: 0 5px 11px 0 rgba(0,0,0,0.18), 0 4px 15px 0 rgba(0,0,0,0.15);\n}\n.btn-3d#default-btn-41a0720f21918a40babb913a84111403 {\n  box-shadow: 0px 2px 0px 0px #ae7013;\n}\n.btn-3d#default-btn-41a0720f21918a40babb913a84111403:hover {\n  box-shadow: 0px 2px 0px 0px #9e6112;\n}\n.btn-flat#default-btn-41a0720f21918a40babb913a84111403 {\n  box-shadow: none;\n}\n.btn-flat#default-btn-41a0720f21918a40babb913a84111403:hover {\n  box-shadow: none;\n}\n#default-btn-41a0720f21918a40babb913a84111403.ico-right-side > i {\n  margin-right: 0px;\n  margin-left: 8px;\n}\n#default-btn-41a0720f21918a40babb913a84111403 > i {\n  margin-right: 8px;\n  font-size: 12px;\n}\n#default-btn-41a0720f21918a40babb913a84111403:not(:hover) {\n  border-width: 0px;\n  color: #000000;\n  background: #ff9900 !important;\n  padding: 15px 18px 15px 18px;\n}\n#default-btn-41a0720f21918a40babb913a84111403:not(:hover) * {\n  color: #000000;\n}\n#default-btn-41a0720f21918a40babb913a84111403:hover {\n  border-width: 0px;\n  color: #000000;\n  background: #ed8600 !important;\n  padding: 15px 18px 15px 18px;\n}\n#default-btn-41a0720f21918a40babb913a84111403:hover * {\n  color: #000000;\n}\n#default-btn-41a0720f21918a40babb913a84111403.ico-right-side > i {\n  margin-right: 0px;\n  margin-left: 8px;\n}\n#default-btn-41a0720f21918a40babb913a84111403 > i {\n  margin-right: 8px;\n}<\/style><div class=\"btn-align-center\"><a href=\"https:\/\/cemmaresme.com\/wp-content\/uploads\/sites\/28\/2026\/01\/MRM26_Activitats_dirigides_7_gener.pdf\" class=\"default-btn-shortcode dt-btn link-hover-off btn-flat  vc_custom_1773916564835\" id=\"default-btn-41a0720f21918a40babb913a84111403\" style=\"width:550px;\"><span>HORARIOS DE ACTIVIDADES DIRIGIDAS Y CET10 PASS<\/span><\/a><\/div><style type=\"text\/css\" data-type=\"the7_shortcodes-inline-css\">#default-btn-01ab9cde4eefb8c300735c2644a0ea5e {\n  border-radius: 50px;\n  font-size: 15px;\n  line-height: 17px;\n}\n.btn-shadow#default-btn-01ab9cde4eefb8c300735c2644a0ea5e {\n  box-shadow: 0 1px 6px rgba(0,0,0,0.12);\n  transition: box-shadow 0.2s ease-out, opacity 0.45s;\n}\n.btn-shadow#default-btn-01ab9cde4eefb8c300735c2644a0ea5e:hover {\n  box-shadow: 0 5px 11px 0 rgba(0,0,0,0.18), 0 4px 15px 0 rgba(0,0,0,0.15);\n}\n.btn-3d#default-btn-01ab9cde4eefb8c300735c2644a0ea5e {\n  box-shadow: 0px 2px 0px 0px #323232;\n}\n.btn-3d#default-btn-01ab9cde4eefb8c300735c2644a0ea5e:hover {\n  box-shadow: 0px 2px 0px 0px #000000;\n}\n.btn-flat#default-btn-01ab9cde4eefb8c300735c2644a0ea5e {\n  box-shadow: none;\n}\n.btn-flat#default-btn-01ab9cde4eefb8c300735c2644a0ea5e:hover {\n  box-shadow: none;\n}\n#default-btn-01ab9cde4eefb8c300735c2644a0ea5e.ico-right-side > i {\n  margin-right: 0px;\n  margin-left: 8px;\n}\n#default-btn-01ab9cde4eefb8c300735c2644a0ea5e > i {\n  margin-right: 8px;\n  font-size: 12px;\n}\n#default-btn-01ab9cde4eefb8c300735c2644a0ea5e:not(:hover) {\n  border-width: 0px;\n  background: #515151 !important;\n  padding: 15px 18px 15px 18px;\n}\n#default-btn-01ab9cde4eefb8c300735c2644a0ea5e:hover {\n  border-width: 0px;\n  background: #000000 !important;\n  padding: 15px 18px 15px 18px;\n}\n#default-btn-01ab9cde4eefb8c300735c2644a0ea5e.ico-right-side > i {\n  margin-right: 0px;\n  margin-left: 8px;\n}\n#default-btn-01ab9cde4eefb8c300735c2644a0ea5e > i {\n  margin-right: 8px;\n}<\/style><div class=\"btn-align-center\"><a href=\"https:\/\/cemmaresme.com\/wp-content\/uploads\/sites\/28\/2026\/01\/MRM26_Cycling_7_gener.pdf\" class=\"default-btn-shortcode dt-btn link-hover-off btn-flat  vc_custom_1773916574354\" id=\"default-btn-01ab9cde4eefb8c300735c2644a0ea5e\" style=\"width:550px;\"><span>PROGRAMACI\u00d3N DE CYCLING Y CET10 PASS<\/span><\/a><\/div>[vc_row_inner][vc_column_inner offset=\u00bbvc_hidden-lg vc_hidden-md vc_hidden-sm\u00bb][vc_single_image image=\u00bb18879&#8243; img_size=\u00bbfull\u00bb alignment=\u00bbcenter\u00bb onclick=\u00bbcustom_link\u00bb css=\u00bb.vc_custom_1692276235898{margin-bottom: 45px !important;}\u00bb link=\u00bbhttps:\/\/cet10maresme.deporsite.net\/reserva-clases\u00bb][\/vc_column_inner][\/vc_row_inner][vc_column_text css=\u00bb.vc_custom_1756109997663{margin-top: -10px !important;margin-bottom: 20px !important;}\u00bb]En nuestro centro tenemos actividades para todos los niveles como pilates, zumba, body pump, body combat, yoga, y body balance entre otras. <strong>Consulta la descripci\u00f3n, objetivos y nivel de dificultad<\/strong> de todas las actividades dirigidas <strong><a href=\"https:\/\/cemmaresme.com\/wp-content\/uploads\/sites\/28\/2025\/08\/CORP25_Activitats-dirigides-nivells-i-dificultat.pdf\">aqu\u00ed.<\/a><\/strong><\/p>\n<p><strong>Reserva tu plaza de manera online<\/strong> accediendo al \u00e1rea de cliente o a trav\u00e9s del link en la imagen de esta p\u00e1gina.<\/p>\n<p>\u00bfQuieres tener acceso total a los centros de fitness CET10 CEM Maresme, CEM Bac de Roda y CEM J\u00fapiter? <strong>Date de alta de manera r\u00e1pida <a href=\"https:\/\/cet10maresme.deporsite.net\/alta-abonados\">aqu\u00ed.<\/a><\/strong>[\/vc_column_text][\/vc_column][vc_column width=\u00bb1\/3&#8243; offset=\u00bbvc_hidden-xs\u00bb][vc_single_image image=\u00bb18879&#8243; img_size=\u00bbfull\u00bb alignment=\u00bbcenter\u00bb onclick=\u00bbcustom_link\u00bb link=\u00bbhttps:\/\/cet10maresme.deporsite.net\/reserva-clases\u00bb][\/vc_column][\/vc_row][vc_row][vc_column][vc_raw_html]JTNDYSUyMGhyZWYlM0QlMjJodHRwcyUzQSUyRiUyRndhLm1lJTJGMzQ2NTY4ODMwMTAlM0YlMjIlMjBjbGFzcyUzRCUyMmZsb2F0LXdhJTIyJTIwdGFyZ2V0JTNEJTIyX2JsYW5rJTIyJTNFJTBBJTIwJTIwJTIwJTIwJTNDaSUyMGNsYXNzJTNEJTIyZmElMjBmYS13aGF0c2FwcCUyMiUyMHN0eWxlJTNEJTIybWFyZ2luLXRvcCUzQTE2cHglM0IlMjIlM0UlM0MlMkZpJTNFJTBBJTNDJTJGYSUzRQ==[\/vc_raw_html][\/vc_column][\/vc_row]<\/p>\n<\/div>","protected":false},"excerpt":{"rendered":"<p>[vc_row full_width=\u00bbstretch_row_content_no_spaces\u00bb css=\u00bb.vc_custom_1694675806122{background-image: url(https:\/\/cemmaresme.com\/wp-content\/uploads\/sites\/28\/2023\/08\/P_21_NOU-HEADER_1920-X-600-PX.webp?id=18883) !important;background-position: center !important;background-repeat: no-repeat !important;background-size: cover !important;}\u00bb][vc_column offset=\u00bbvc_hidden-xs\u00bb][vc_custom_heading text=\u00bbHorarios de actividades dirigidas\u00bb font_container=\u00bbtag:h1|font_size:50px|text_align:center|color:%23ffffff|line_height:60px\u00bb use_theme_fonts=\u00bbyes\u00bb css=\u00bb.vc_custom_1694675792942{padding-top: 151px !important;padding-bottom: 160px !important;}\u00bb][\/vc_column][\/vc_row][vc_row full_width=\u00bbstretch_row_content_no_spaces\u00bb css=\u00bb.vc_custom_1694537124920{background-image: url(https:\/\/cemmaresme.com\/wp-content\/uploads\/sites\/28\/2023\/08\/P_21_NOU-HEADER_1920-X-600-PX.webp?id=18883) !important;background-position: center !important;background-repeat: no-repeat !important;background-size: cover !important;}\u00bb][vc_column offset=\u00bbvc_hidden-lg vc_hidden-md vc_hidden-sm\u00bb css=\u00bb.vc_custom_1678193107420{margin-bottom: -10px !important;}\u00bb][vc_column_text css=\u00bb.vc_custom_1694537173359{padding-top: 90px !important;padding-bottom: 90px !important;}\u00bb] Horarios de actividades dirigidas [\/vc_column_text][\/vc_column][\/vc_row][vc_row css=\u00bb.vc_custom_1694589074283{margin-top: 20px !important;margin-bottom: -1px !important;}\u00bb][vc_column width=\u00bb2\/3&#8243;][vc_column_text&hellip;<\/p>\n","protected":false},"author":67,"featured_media":0,"parent":0,"menu_order":0,"comment_status":"closed","ping_status":"closed","template":"","meta":{"footnotes":""},"class_list":["post-18886","page","type-page","status-publish","hentry","description-off"],"yoast_head":"<!-- This site is optimized with the Yoast SEO plugin v26.8 - https:\/\/yoast.com\/product\/yoast-seo-wordpress\/ -->\n<title>Actividades dirigidas - Consulta el horario aqu\u00ed - CEM Maresme<\/title>\n<meta name=\"description\" content=\"Actividades dirigidas: \u00a1consulta el horario de las clases del CEM Maresme! Adaptadas a todos los niveles y necesidades. \u00a1Ven a probarlas!\" \/>\n<meta name=\"robots\" content=\"index, follow, max-snippet:-1, max-image-preview:large, max-video-preview:-1\" \/>\n<link rel=\"canonical\" href=\"https:\/\/cemmaresme.com\/es\/actividades-dirigidas\/\" \/>\n<meta property=\"og:locale\" content=\"es_ES\" \/>\n<meta property=\"og:type\" content=\"article\" \/>\n<meta property=\"og:title\" content=\"Actividades dirigidas - Consulta el horario aqu\u00ed - CEM Maresme\" \/>\n<meta property=\"og:description\" content=\"Actividades dirigidas: \u00a1consulta el horario de las clases del CEM Maresme! Adaptadas a todos los niveles y necesidades. \u00a1Ven a probarlas!\" \/>\n<meta property=\"og:url\" content=\"https:\/\/cemmaresme.com\/es\/actividades-dirigidas\/\" \/>\n<meta property=\"og:site_name\" content=\"CEM Maresme\" \/>\n<meta property=\"article:modified_time\" content=\"2026-03-19T10:36:19+00:00\" \/>\n<meta name=\"twitter:card\" content=\"summary_large_image\" \/>\n<meta name=\"twitter:label1\" content=\"Tiempo de lectura\" \/>\n\t<meta name=\"twitter:data1\" content=\"1 minuto\" \/>\n<script type=\"application\/ld+json\" class=\"yoast-schema-graph\">{\"@context\":\"https:\/\/schema.org\",\"@graph\":[{\"@type\":\"WebPage\",\"@id\":\"https:\/\/cemmaresme.com\/es\/actividades-dirigidas\/\",\"url\":\"https:\/\/cemmaresme.com\/es\/actividades-dirigidas\/\",\"name\":\"Actividades dirigidas - Consulta el horario aqu\u00ed - CEM Maresme\",\"isPartOf\":{\"@id\":\"https:\/\/cemmaresme.com\/es\/#website\"},\"datePublished\":\"2023-08-17T12:19:42+00:00\",\"dateModified\":\"2026-03-19T10:36:19+00:00\",\"description\":\"Actividades dirigidas: \u00a1consulta el horario de las clases del CEM Maresme! Adaptadas a todos los niveles y necesidades. \u00a1Ven a probarlas!\",\"breadcrumb\":{\"@id\":\"https:\/\/cemmaresme.com\/es\/actividades-dirigidas\/#breadcrumb\"},\"inLanguage\":\"es\",\"potentialAction\":[{\"@type\":\"ReadAction\",\"target\":[\"https:\/\/cemmaresme.com\/es\/actividades-dirigidas\/\"]}]},{\"@type\":\"BreadcrumbList\",\"@id\":\"https:\/\/cemmaresme.com\/es\/actividades-dirigidas\/#breadcrumb\",\"itemListElement\":[{\"@type\":\"ListItem\",\"position\":1,\"name\":\"Portada\",\"item\":\"https:\/\/cemmaresme.com\/es\/\"},{\"@type\":\"ListItem\",\"position\":2,\"name\":\"Actividades dirigidas\"}]},{\"@type\":\"WebSite\",\"@id\":\"https:\/\/cemmaresme.com\/es\/#website\",\"url\":\"https:\/\/cemmaresme.com\/es\/\",\"name\":\"CEM Maresme\",\"description\":\"CEM Maresme - Estem mols a prop teu!\",\"publisher\":{\"@id\":\"https:\/\/cemmaresme.com\/es\/#organization\"},\"potentialAction\":[{\"@type\":\"SearchAction\",\"target\":{\"@type\":\"EntryPoint\",\"urlTemplate\":\"https:\/\/cemmaresme.com\/es\/?s={search_term_string}\"},\"query-input\":{\"@type\":\"PropertyValueSpecification\",\"valueRequired\":true,\"valueName\":\"search_term_string\"}}],\"inLanguage\":\"es\"},{\"@type\":\"Organization\",\"@id\":\"https:\/\/cemmaresme.com\/es\/#organization\",\"name\":\"CDM Escuelas de San Ant\u00f3n\",\"url\":\"https:\/\/cemmaresme.com\/es\/\",\"logo\":{\"@type\":\"ImageObject\",\"inLanguage\":\"es\",\"@id\":\"https:\/\/cemmaresme.com\/es\/#\/schema\/logo\/image\/\",\"url\":\"https:\/\/cemmaresme.com\/wp-content\/uploads\/sites\/28\/2022\/01\/logo-maresme-horitzontal-online-web-desktop.png\",\"contentUrl\":\"https:\/\/cemmaresme.com\/wp-content\/uploads\/sites\/28\/2022\/01\/logo-maresme-horitzontal-online-web-desktop.png\",\"width\":235,\"height\":76,\"caption\":\"CDM Escuelas de San Ant\u00f3n\"},\"image\":{\"@id\":\"https:\/\/cemmaresme.com\/es\/#\/schema\/logo\/image\/\"}}]}<\/script>\n<!-- \/ Yoast SEO plugin. -->","yoast_head_json":{"title":"Actividades dirigidas - Consulta el horario aqu\u00ed - CEM Maresme","description":"Actividades dirigidas: \u00a1consulta el horario de las clases del CEM Maresme! Adaptadas a todos los niveles y necesidades. \u00a1Ven a probarlas!","robots":{"index":"index","follow":"follow","max-snippet":"max-snippet:-1","max-image-preview":"max-image-preview:large","max-video-preview":"max-video-preview:-1"},"canonical":"https:\/\/cemmaresme.com\/es\/actividades-dirigidas\/","og_locale":"es_ES","og_type":"article","og_title":"Actividades dirigidas - Consulta el horario aqu\u00ed - CEM Maresme","og_description":"Actividades dirigidas: \u00a1consulta el horario de las clases del CEM Maresme! Adaptadas a todos los niveles y necesidades. \u00a1Ven a probarlas!","og_url":"https:\/\/cemmaresme.com\/es\/actividades-dirigidas\/","og_site_name":"CEM Maresme","article_modified_time":"2026-03-19T10:36:19+00:00","twitter_card":"summary_large_image","twitter_misc":{"Tiempo de lectura":"1 minuto"},"schema":{"@context":"https:\/\/schema.org","@graph":[{"@type":"WebPage","@id":"https:\/\/cemmaresme.com\/es\/actividades-dirigidas\/","url":"https:\/\/cemmaresme.com\/es\/actividades-dirigidas\/","name":"Actividades dirigidas - Consulta el horario aqu\u00ed - CEM Maresme","isPartOf":{"@id":"https:\/\/cemmaresme.com\/es\/#website"},"datePublished":"2023-08-17T12:19:42+00:00","dateModified":"2026-03-19T10:36:19+00:00","description":"Actividades dirigidas: \u00a1consulta el horario de las clases del CEM Maresme! Adaptadas a todos los niveles y necesidades. \u00a1Ven a probarlas!","breadcrumb":{"@id":"https:\/\/cemmaresme.com\/es\/actividades-dirigidas\/#breadcrumb"},"inLanguage":"es","potentialAction":[{"@type":"ReadAction","target":["https:\/\/cemmaresme.com\/es\/actividades-dirigidas\/"]}]},{"@type":"BreadcrumbList","@id":"https:\/\/cemmaresme.com\/es\/actividades-dirigidas\/#breadcrumb","itemListElement":[{"@type":"ListItem","position":1,"name":"Portada","item":"https:\/\/cemmaresme.com\/es\/"},{"@type":"ListItem","position":2,"name":"Actividades dirigidas"}]},{"@type":"WebSite","@id":"https:\/\/cemmaresme.com\/es\/#website","url":"https:\/\/cemmaresme.com\/es\/","name":"CEM Maresme","description":"CEM Maresme - Estem mols a prop teu!","publisher":{"@id":"https:\/\/cemmaresme.com\/es\/#organization"},"potentialAction":[{"@type":"SearchAction","target":{"@type":"EntryPoint","urlTemplate":"https:\/\/cemmaresme.com\/es\/?s={search_term_string}"},"query-input":{"@type":"PropertyValueSpecification","valueRequired":true,"valueName":"search_term_string"}}],"inLanguage":"es"},{"@type":"Organization","@id":"https:\/\/cemmaresme.com\/es\/#organization","name":"CDM Escuelas de San Ant\u00f3n","url":"https:\/\/cemmaresme.com\/es\/","logo":{"@type":"ImageObject","inLanguage":"es","@id":"https:\/\/cemmaresme.com\/es\/#\/schema\/logo\/image\/","url":"https:\/\/cemmaresme.com\/wp-content\/uploads\/sites\/28\/2022\/01\/logo-maresme-horitzontal-online-web-desktop.png","contentUrl":"https:\/\/cemmaresme.com\/wp-content\/uploads\/sites\/28\/2022\/01\/logo-maresme-horitzontal-online-web-desktop.png","width":235,"height":76,"caption":"CDM Escuelas de San Ant\u00f3n"},"image":{"@id":"https:\/\/cemmaresme.com\/es\/#\/schema\/logo\/image\/"}}]}},"_links":{"self":[{"href":"https:\/\/cemmaresme.com\/es\/wp-json\/wp\/v2\/pages\/18886","targetHints":{"allow":["GET"]}}],"collection":[{"href":"https:\/\/cemmaresme.com\/es\/wp-json\/wp\/v2\/pages"}],"about":[{"href":"https:\/\/cemmaresme.com\/es\/wp-json\/wp\/v2\/types\/page"}],"author":[{"embeddable":true,"href":"https:\/\/cemmaresme.com\/es\/wp-json\/wp\/v2\/users\/67"}],"replies":[{"embeddable":true,"href":"https:\/\/cemmaresme.com\/es\/wp-json\/wp\/v2\/comments?post=18886"}],"version-history":[{"count":4,"href":"https:\/\/cemmaresme.com\/es\/wp-json\/wp\/v2\/pages\/18886\/revisions"}],"predecessor-version":[{"id":129558,"href":"https:\/\/cemmaresme.com\/es\/wp-json\/wp\/v2\/pages\/18886\/revisions\/129558"}],"wp:attachment":[{"href":"https:\/\/cemmaresme.com\/es\/wp-json\/wp\/v2\/media?parent=18886"}],"curies":[{"name":"wp","href":"https:\/\/api.w.org\/{rel}","templated":true}]}}