{"id":171,"date":"2016-10-23T17:29:07","date_gmt":"2016-10-23T17:29:07","guid":{"rendered":"http:\/\/cdmescuelassananton.cet10.com\/empresas-copy\/"},"modified":"2026-03-19T11:52:35","modified_gmt":"2026-03-19T10:52:35","slug":"trabaja-con-nosotros","status":"publish","type":"page","link":"https:\/\/cemmaresme.com\/es\/trabaja-con-nosotros\/","title":{"rendered":"Trabaja con nosotros"},"content":{"rendered":"<div class=\"wpb-content-wrapper\"><p>[vc_row full_width=\u00bbstretch_row_content_no_spaces\u00bb css=\u00bb.vc_custom_1694590961949{background-image: url(https:\/\/cemmaresme.com\/wp-content\/uploads\/sites\/28\/2023\/09\/MRM-treballa-nosaltres.webp?id=19765) !important;background-position: center !important;background-repeat: no-repeat !important;background-size: cover !important;}\u00bb][vc_column offset=\u00bbvc_hidden-xs\u00bb][vc_custom_heading text=\u00bb\u00a1\u00danete a nuestro equipo!\u00bb font_container=\u00bbtag:h1|font_size:50px|text_align:center|color:%23ffffff|line_height:60px\u00bb use_theme_fonts=\u00bbyes\u00bb css=\u00bb.vc_custom_1694590909396{padding-top: 151px !important;padding-bottom: 160px !important;}\u00bb][\/vc_column][\/vc_row][vc_row full_width=\u00bbstretch_row_content_no_spaces\u00bb css=\u00bb.vc_custom_1694531723285{background-image: url(https:\/\/cemmaresme.com\/wp-content\/uploads\/sites\/28\/2023\/09\/MRM-treballa-nosaltres.webp?id=19765) !important;background-position: center !important;background-repeat: no-repeat !important;background-size: cover !important;}\u00bb][vc_column offset=\u00bbvc_hidden-lg vc_hidden-md vc_hidden-sm\u00bb css=\u00bb.vc_custom_1678193107420{margin-bottom: -10px !important;}\u00bb][vc_column_text css=\u00bb.vc_custom_1694533236006{padding-top: 90px !important;padding-bottom: 90px !important;}\u00bb]<\/p>\n<p style=\"text-align: center; font-family: Roboto; font-size: 35px; line-height: 40px;\"><span style=\"color: #ffffff;\"><strong>\u00a1\u00danete a nuestro<br \/>\nequipo!<\/strong><\/span><\/p>\n<p>[\/vc_column_text][\/vc_column][\/vc_row][vc_row css=\u00bb.vc_custom_1694533303619{margin-bottom: -20px !important;}\u00bb][vc_column width=\u00bb1\/2&#8243; css=\u00bb.vc_custom_1694533363683{margin-bottom: -30px !important;}\u00bb][vc_column_text]Trabajar en el CEM Maresme es formar parte de un equipo de gente joven y altamente profesional. Gestionamos un centro deportivo muy activo y en constante evoluci\u00f3n.<\/p>\n<p>Si eres t\u00e9cnico en Fitness o Licenciado en Educaci\u00f3n F\u00edsica y quieres formar parte de nuestro equipo, env\u00edanos tu CV y lo tendremos en cuneta para nuestros proyectos.<\/p>\n<p>Valoramos:<\/p>\n<ul class=\"standard-arrow list-divider\"><li><p>Pasi\u00f3n por el deporte<\/p>\n<\/li><li><p>Trabajo en equipo<\/p>\n<\/li><li><p>Profesionalidad, responsabilidad e implicaci\u00f3n<\/p>\n<\/li><\/ul>\n<p>No lo dudes y \u00a1an\u00edmate a formar parte de nuestro equipo![\/vc_column_text][\/vc_column][vc_column width=\u00bb1\/2&#8243; css=\u00bb.vc_custom_1694533317775{margin-top: 10px !important;}\u00bb]<style type=\"text\/css\" data-type=\"the7_shortcodes-inline-css\">#default-btn-f769bb3b9fe424829eea0405ce6f5887 {\n  border-radius: 50px;\n  font-size: 15px;\n  line-height: 17px;\n}\n.btn-shadow#default-btn-f769bb3b9fe424829eea0405ce6f5887 {\n  box-shadow: 0 1px 6px rgba(0,0,0,0.12);\n  transition: box-shadow 0.2s ease-out, opacity 0.45s;\n}\n.btn-shadow#default-btn-f769bb3b9fe424829eea0405ce6f5887:hover {\n  box-shadow: 0 5px 11px 0 rgba(0,0,0,0.18), 0 4px 15px 0 rgba(0,0,0,0.15);\n}\n.btn-3d#default-btn-f769bb3b9fe424829eea0405ce6f5887 {\n  box-shadow: 0px 2px 0px 0px #ae7013;\n}\n.btn-3d#default-btn-f769bb3b9fe424829eea0405ce6f5887:hover {\n  box-shadow: 0px 2px 0px 0px #a07433;\n}\n.btn-flat#default-btn-f769bb3b9fe424829eea0405ce6f5887 {\n  box-shadow: none;\n}\n.btn-flat#default-btn-f769bb3b9fe424829eea0405ce6f5887:hover {\n  box-shadow: none;\n}\n#default-btn-f769bb3b9fe424829eea0405ce6f5887.ico-right-side > i {\n  margin-right: 0px;\n  margin-left: 8px;\n}\n#default-btn-f769bb3b9fe424829eea0405ce6f5887 > i {\n  margin-right: 8px;\n  font-size: 12px;\n}\n#default-btn-f769bb3b9fe424829eea0405ce6f5887:not(:hover) {\n  border-width: 0px;\n  color: #000000;\n  background: #ff9900 !important;\n  padding: 14px 18px 14px 18px;\n}\n#default-btn-f769bb3b9fe424829eea0405ce6f5887:not(:hover) * {\n  color: #000000;\n}\n#default-btn-f769bb3b9fe424829eea0405ce6f5887:hover {\n  border-width: 0px;\n  color: #000000;\n  background: #dd9933 !important;\n  padding: 14px 18px 14px 18px;\n}\n#default-btn-f769bb3b9fe424829eea0405ce6f5887:hover * {\n  color: #000000;\n}\n#default-btn-f769bb3b9fe424829eea0405ce6f5887.ico-right-side > i {\n  margin-right: 0px;\n  margin-left: 8px;\n}\n#default-btn-f769bb3b9fe424829eea0405ce6f5887 > i {\n  margin-right: 8px;\n}<\/style><div class=\"btn-align-center\"><a href=\"mailto:info@cemmaresme.com\" class=\"default-btn-shortcode dt-btn link-hover-off btn-flat  vc_custom_1773917553200\" id=\"default-btn-f769bb3b9fe424829eea0405ce6f5887\" style=\"width:550px;\" title=\"Activitats per a infants i joves \u2013 Temporada 2023-2024\"><span>ENVIAR CURR\u00cdCULUM VITAE<\/span><\/a><\/div>[vc_single_image image=\u00bb1246&#8243; img_size=\u00bbfull\u00bb alignment=\u00bbcenter\u00bb][\/vc_column][\/vc_row][vc_row][vc_column][vc_raw_html]JTNDYSUyMGhyZWYlM0QlMjJodHRwcyUzQSUyRiUyRndhLm1lJTJGMzQ2NTY4ODMwMTAlM0YlMjIlMjBjbGFzcyUzRCUyMmZsb2F0LXdhJTIyJTIwdGFyZ2V0JTNEJTIyX2JsYW5rJTIyJTNFJTBBJTIwJTIwJTIwJTIwJTNDaSUyMGNsYXNzJTNEJTIyZmElMjBmYS13aGF0c2FwcCUyMiUyMHN0eWxlJTNEJTIybWFyZ2luLXRvcCUzQTE2cHglM0IlMjIlM0UlM0MlMkZpJTNFJTBBJTNDJTJGYSUzRQ==[\/vc_raw_html][\/vc_column][\/vc_row]<\/p>\n<\/div>","protected":false},"excerpt":{"rendered":"<p>[vc_row full_width=\u00bbstretch_row_content_no_spaces\u00bb css=\u00bb.vc_custom_1694590961949{background-image: url(https:\/\/cemmaresme.com\/wp-content\/uploads\/sites\/28\/2023\/09\/MRM-treballa-nosaltres.webp?id=19765) !important;background-position: center !important;background-repeat: no-repeat !important;background-size: cover !important;}\u00bb][vc_column offset=\u00bbvc_hidden-xs\u00bb][vc_custom_heading text=\u00bb\u00a1\u00danete a nuestro equipo!\u00bb font_container=\u00bbtag:h1|font_size:50px|text_align:center|color:%23ffffff|line_height:60px\u00bb use_theme_fonts=\u00bbyes\u00bb css=\u00bb.vc_custom_1694590909396{padding-top: 151px !important;padding-bottom: 160px !important;}\u00bb][\/vc_column][\/vc_row][vc_row full_width=\u00bbstretch_row_content_no_spaces\u00bb css=\u00bb.vc_custom_1694531723285{background-image: url(https:\/\/cemmaresme.com\/wp-content\/uploads\/sites\/28\/2023\/09\/MRM-treballa-nosaltres.webp?id=19765) !important;background-position: center !important;background-repeat: no-repeat !important;background-size: cover !important;}\u00bb][vc_column offset=\u00bbvc_hidden-lg vc_hidden-md vc_hidden-sm\u00bb css=\u00bb.vc_custom_1678193107420{margin-bottom: -10px !important;}\u00bb][vc_column_text css=\u00bb.vc_custom_1694533236006{padding-top: 90px !important;padding-bottom: 90px !important;}\u00bb] \u00a1\u00danete a nuestro equipo! [\/vc_column_text][\/vc_column][\/vc_row][vc_row css=\u00bb.vc_custom_1694533303619{margin-bottom: -20px !important;}\u00bb][vc_column width=\u00bb1\/2&#8243; css=\u00bb.vc_custom_1694533363683{margin-bottom: -30px&hellip;<\/p>\n","protected":false},"author":4,"featured_media":0,"parent":0,"menu_order":0,"comment_status":"closed","ping_status":"closed","template":"","meta":{"footnotes":""},"class_list":["post-171","page","type-page","status-publish","hentry","description-off"],"yoast_head":"<!-- This site is optimized with the Yoast SEO plugin v26.8 - https:\/\/yoast.com\/product\/yoast-seo-wordpress\/ -->\n<title>Trabaja con nosotros - CEM Maresme - Barcelona<\/title>\n<meta name=\"description\" content=\"Si eres t\u00e9cnico en Fitness o Licenciado en Educaci\u00f3n F\u00edsica, no lo pienses m\u00e1s y trabaja con nosotros. Env\u00edanos tu CV a nuestro mail...\" \/>\n<meta name=\"robots\" content=\"index, follow, max-snippet:-1, max-image-preview:large, max-video-preview:-1\" \/>\n<link rel=\"canonical\" href=\"https:\/\/cemmaresme.com\/es\/trabaja-con-nosotros\/\" \/>\n<meta property=\"og:locale\" content=\"es_ES\" \/>\n<meta property=\"og:type\" content=\"article\" \/>\n<meta property=\"og:title\" content=\"Trabaja con nosotros - CEM Maresme - Barcelona\" \/>\n<meta property=\"og:description\" content=\"Si eres t\u00e9cnico en Fitness o Licenciado en Educaci\u00f3n F\u00edsica, no lo pienses m\u00e1s y trabaja con nosotros. Env\u00edanos tu CV a nuestro mail...\" \/>\n<meta property=\"og:url\" content=\"https:\/\/cemmaresme.com\/es\/trabaja-con-nosotros\/\" \/>\n<meta property=\"og:site_name\" content=\"CEM Maresme\" \/>\n<meta property=\"article:modified_time\" content=\"2026-03-19T10:52:35+00:00\" \/>\n<meta name=\"twitter:card\" content=\"summary_large_image\" \/>\n<meta name=\"twitter:label1\" content=\"Tiempo de lectura\" \/>\n\t<meta name=\"twitter:data1\" content=\"2 minutos\" \/>\n<script type=\"application\/ld+json\" class=\"yoast-schema-graph\">{\"@context\":\"https:\/\/schema.org\",\"@graph\":[{\"@type\":\"WebPage\",\"@id\":\"https:\/\/cemmaresme.com\/es\/trabaja-con-nosotros\/\",\"url\":\"https:\/\/cemmaresme.com\/es\/trabaja-con-nosotros\/\",\"name\":\"Trabaja con nosotros - CEM Maresme - Barcelona\",\"isPartOf\":{\"@id\":\"https:\/\/cemmaresme.com\/es\/#website\"},\"datePublished\":\"2016-10-23T17:29:07+00:00\",\"dateModified\":\"2026-03-19T10:52:35+00:00\",\"description\":\"Si eres t\u00e9cnico en Fitness o Licenciado en Educaci\u00f3n F\u00edsica, no lo pienses m\u00e1s y trabaja con nosotros. Env\u00edanos tu CV a nuestro mail...\",\"breadcrumb\":{\"@id\":\"https:\/\/cemmaresme.com\/es\/trabaja-con-nosotros\/#breadcrumb\"},\"inLanguage\":\"es\",\"potentialAction\":[{\"@type\":\"ReadAction\",\"target\":[\"https:\/\/cemmaresme.com\/es\/trabaja-con-nosotros\/\"]}]},{\"@type\":\"BreadcrumbList\",\"@id\":\"https:\/\/cemmaresme.com\/es\/trabaja-con-nosotros\/#breadcrumb\",\"itemListElement\":[{\"@type\":\"ListItem\",\"position\":1,\"name\":\"Portada\",\"item\":\"https:\/\/cemmaresme.com\/es\/\"},{\"@type\":\"ListItem\",\"position\":2,\"name\":\"Trabaja con nosotros\"}]},{\"@type\":\"WebSite\",\"@id\":\"https:\/\/cemmaresme.com\/es\/#website\",\"url\":\"https:\/\/cemmaresme.com\/es\/\",\"name\":\"CEM Maresme\",\"description\":\"CEM Maresme - Estem mols a prop teu!\",\"publisher\":{\"@id\":\"https:\/\/cemmaresme.com\/es\/#organization\"},\"potentialAction\":[{\"@type\":\"SearchAction\",\"target\":{\"@type\":\"EntryPoint\",\"urlTemplate\":\"https:\/\/cemmaresme.com\/es\/?s={search_term_string}\"},\"query-input\":{\"@type\":\"PropertyValueSpecification\",\"valueRequired\":true,\"valueName\":\"search_term_string\"}}],\"inLanguage\":\"es\"},{\"@type\":\"Organization\",\"@id\":\"https:\/\/cemmaresme.com\/es\/#organization\",\"name\":\"CDM Escuelas de San Ant\u00f3n\",\"url\":\"https:\/\/cemmaresme.com\/es\/\",\"logo\":{\"@type\":\"ImageObject\",\"inLanguage\":\"es\",\"@id\":\"https:\/\/cemmaresme.com\/es\/#\/schema\/logo\/image\/\",\"url\":\"https:\/\/cemmaresme.com\/wp-content\/uploads\/sites\/28\/2022\/01\/logo-maresme-horitzontal-online-web-desktop.png\",\"contentUrl\":\"https:\/\/cemmaresme.com\/wp-content\/uploads\/sites\/28\/2022\/01\/logo-maresme-horitzontal-online-web-desktop.png\",\"width\":235,\"height\":76,\"caption\":\"CDM Escuelas de San Ant\u00f3n\"},\"image\":{\"@id\":\"https:\/\/cemmaresme.com\/es\/#\/schema\/logo\/image\/\"}}]}<\/script>\n<!-- \/ Yoast SEO plugin. -->","yoast_head_json":{"title":"Trabaja con nosotros - CEM Maresme - Barcelona","description":"Si eres t\u00e9cnico en Fitness o Licenciado en Educaci\u00f3n F\u00edsica, no lo pienses m\u00e1s y trabaja con nosotros. Env\u00edanos tu CV a nuestro mail...","robots":{"index":"index","follow":"follow","max-snippet":"max-snippet:-1","max-image-preview":"max-image-preview:large","max-video-preview":"max-video-preview:-1"},"canonical":"https:\/\/cemmaresme.com\/es\/trabaja-con-nosotros\/","og_locale":"es_ES","og_type":"article","og_title":"Trabaja con nosotros - CEM Maresme - Barcelona","og_description":"Si eres t\u00e9cnico en Fitness o Licenciado en Educaci\u00f3n F\u00edsica, no lo pienses m\u00e1s y trabaja con nosotros. Env\u00edanos tu CV a nuestro mail...","og_url":"https:\/\/cemmaresme.com\/es\/trabaja-con-nosotros\/","og_site_name":"CEM Maresme","article_modified_time":"2026-03-19T10:52:35+00:00","twitter_card":"summary_large_image","twitter_misc":{"Tiempo de lectura":"2 minutos"},"schema":{"@context":"https:\/\/schema.org","@graph":[{"@type":"WebPage","@id":"https:\/\/cemmaresme.com\/es\/trabaja-con-nosotros\/","url":"https:\/\/cemmaresme.com\/es\/trabaja-con-nosotros\/","name":"Trabaja con nosotros - CEM Maresme - Barcelona","isPartOf":{"@id":"https:\/\/cemmaresme.com\/es\/#website"},"datePublished":"2016-10-23T17:29:07+00:00","dateModified":"2026-03-19T10:52:35+00:00","description":"Si eres t\u00e9cnico en Fitness o Licenciado en Educaci\u00f3n F\u00edsica, no lo pienses m\u00e1s y trabaja con nosotros. Env\u00edanos tu CV a nuestro mail...","breadcrumb":{"@id":"https:\/\/cemmaresme.com\/es\/trabaja-con-nosotros\/#breadcrumb"},"inLanguage":"es","potentialAction":[{"@type":"ReadAction","target":["https:\/\/cemmaresme.com\/es\/trabaja-con-nosotros\/"]}]},{"@type":"BreadcrumbList","@id":"https:\/\/cemmaresme.com\/es\/trabaja-con-nosotros\/#breadcrumb","itemListElement":[{"@type":"ListItem","position":1,"name":"Portada","item":"https:\/\/cemmaresme.com\/es\/"},{"@type":"ListItem","position":2,"name":"Trabaja con nosotros"}]},{"@type":"WebSite","@id":"https:\/\/cemmaresme.com\/es\/#website","url":"https:\/\/cemmaresme.com\/es\/","name":"CEM Maresme","description":"CEM Maresme - Estem mols a prop teu!","publisher":{"@id":"https:\/\/cemmaresme.com\/es\/#organization"},"potentialAction":[{"@type":"SearchAction","target":{"@type":"EntryPoint","urlTemplate":"https:\/\/cemmaresme.com\/es\/?s={search_term_string}"},"query-input":{"@type":"PropertyValueSpecification","valueRequired":true,"valueName":"search_term_string"}}],"inLanguage":"es"},{"@type":"Organization","@id":"https:\/\/cemmaresme.com\/es\/#organization","name":"CDM Escuelas de San Ant\u00f3n","url":"https:\/\/cemmaresme.com\/es\/","logo":{"@type":"ImageObject","inLanguage":"es","@id":"https:\/\/cemmaresme.com\/es\/#\/schema\/logo\/image\/","url":"https:\/\/cemmaresme.com\/wp-content\/uploads\/sites\/28\/2022\/01\/logo-maresme-horitzontal-online-web-desktop.png","contentUrl":"https:\/\/cemmaresme.com\/wp-content\/uploads\/sites\/28\/2022\/01\/logo-maresme-horitzontal-online-web-desktop.png","width":235,"height":76,"caption":"CDM Escuelas de San Ant\u00f3n"},"image":{"@id":"https:\/\/cemmaresme.com\/es\/#\/schema\/logo\/image\/"}}]}},"_links":{"self":[{"href":"https:\/\/cemmaresme.com\/es\/wp-json\/wp\/v2\/pages\/171","targetHints":{"allow":["GET"]}}],"collection":[{"href":"https:\/\/cemmaresme.com\/es\/wp-json\/wp\/v2\/pages"}],"about":[{"href":"https:\/\/cemmaresme.com\/es\/wp-json\/wp\/v2\/types\/page"}],"author":[{"embeddable":true,"href":"https:\/\/cemmaresme.com\/es\/wp-json\/wp\/v2\/users\/4"}],"replies":[{"embeddable":true,"href":"https:\/\/cemmaresme.com\/es\/wp-json\/wp\/v2\/comments?post=171"}],"version-history":[{"count":2,"href":"https:\/\/cemmaresme.com\/es\/wp-json\/wp\/v2\/pages\/171\/revisions"}],"predecessor-version":[{"id":129591,"href":"https:\/\/cemmaresme.com\/es\/wp-json\/wp\/v2\/pages\/171\/revisions\/129591"}],"wp:attachment":[{"href":"https:\/\/cemmaresme.com\/es\/wp-json\/wp\/v2\/media?parent=171"}],"curies":[{"name":"wp","href":"https:\/\/api.w.org\/{rel}","templated":true}]}}