{"id":15153,"date":"2023-02-08T19:42:24","date_gmt":"2023-02-08T17:42:24","guid":{"rendered":"https:\/\/cemmaresme.com\/normativa-reservas\/"},"modified":"2023-02-09T10:14:48","modified_gmt":"2023-02-09T08:14:48","slug":"normativa-reservas","status":"publish","type":"page","link":"https:\/\/cemmaresme.com\/es\/normativa-reservas\/","title":{"rendered":"Normativa reservas"},"content":{"rendered":"<div class=\"wpb-content-wrapper\"><p>[vc_row][vc_column][vc_custom_heading text=\u00bbNormativa Reserva de pista\u00bb font_container=\u00bbtag:h1|text_align:left\u00bb][vc_separator]<div class=\"standard-arrow list-divider bullet-top\"><ul>\n<li>La reserva se puede realizar v\u00eda web o app con 4 d\u00edas de antelaci\u00f3n.<\/li>\n<li>El tiempo de reserva de pista puede ser de 1h o 1,5h\/d\u00eda.<\/li>\n<li>El per\u00edodo m\u00ednimo para anular la reserva por la web o la app es de 6 horas de antelaci\u00f3n.<\/li>\n<li>No se permitir\u00e1 tener m\u00e1s de una reserva activa a la vez.<\/li>\n<li>Para formalizar la reserva, se recomienda anotar el nombre de 4 jugadores.<\/li>\n<li>La pista debe abonarse en el momento de hacer la reserva, por la web o por la app.<\/li>\n<li>Puede abonarse la totalidad de la pista o la parte proporcional del jugador. En este caso, ser\u00e1 necesario que todos los jugadores aparezcan en la reserva y abonen su parte correspondiente.<\/li>\n<li>Deber\u00e1 confirmarse la asistencia de los 4 jugadores y abonar el importe de la pista antes de hacer uso de la reserva.<\/li>\n<li>En caso de detectar un uso fraudulento del nombre de jugadores (inscribiendo personas que no jugar\u00e1n, para beneficiarse de precios con descuentos establecidos), la direcci\u00f3n se reserva el derecho de aplicar aquellas medidas que considere oportunas.<\/li>\n<li>Llegar tarde a la hora de inicio de la reserva no da derecho a finalizarla m\u00e1s tarde. El juego se limitar\u00e1 al tiempo reservado.<\/li>\n<li>Es obligatorio acceder a las pistas con ropa y calzado deportivo y con material espec\u00edfico para la pr\u00e1ctica del p\u00e1del. Queda totalmente prohibido jugar sin camiseta o con ropa y calzado inadecuados.<\/li>\n<li>La organizaci\u00f3n se reserva el derecho a modificar la pista reservada para la correcta gesti\u00f3n de la instalaci\u00f3n.<\/li>\n<li>En caso de no disfrutar de todo el tiempo reservado y no avisar con un m\u00ednimo de 6 horas de antelaci\u00f3n, se deber\u00e1 abonar la totalidad de la reserva.<\/li>\n<li>En caso de detectarse el impago de alg\u00fan recibo de la escuela de p\u00e1del o del CEM Maresme, el centro se reserva el derecho de prohibir el juego hasta que no se abonen los importes pendientes.<\/li>\n<li>La direcci\u00f3n determinar\u00e1 si el estado de las pistas es el id\u00f3neo para la pr\u00e1ctica deportiva.<\/li>\n<li>Las reservas deben realizarse a trav\u00e9s de la app, de Playtomic o de nuestra <a href=\"https:\/\/cemmaresme.com\/es\/\">web<\/a>.<\/li>\n<\/ul>\n<\/div>[vc_column_text css=\u00bb.vc_custom_1675929078121{margin-bottom: 20px !important;}\u00bb]<\/p>\n<h2>Anulaci\u00f3n de reservas<\/h2>\n<p>[\/vc_column_text]<div class=\"standard-arrow list-divider bullet-top\"><p>Si la anulaci\u00f3n es posterior a las 6 h previas a la reserva, se aplicar\u00e1n las siguientes medidas:<\/p>\n<ul>\n<li>1\u00aa vez: aviso verbal y\/o telef\u00f3nico.<\/li>\n<li>2\u00aa vez: 3 d\u00edas sin poder reservar pista.<\/li>\n<li>3\u00aa vez: 1 semana sin poder reservar pista ni jugar.<\/li>\n<\/ul>\n<\/div>[\/vc_column][\/vc_row]<\/p>\n<\/div>","protected":false},"excerpt":{"rendered":"<p>[vc_row][vc_column][vc_custom_heading text=\u00bbNormativa Reserva de pista\u00bb font_container=\u00bbtag:h1|text_align:left\u00bb][vc_separator][vc_column_text css=\u00bb.vc_custom_1675929078121{margin-bottom: 20px !important;}\u00bb] Anulaci\u00f3n de reservas [\/vc_column_text][\/vc_column][\/vc_row]<\/p>\n","protected":false},"author":67,"featured_media":0,"parent":0,"menu_order":0,"comment_status":"closed","ping_status":"closed","template":"","meta":{"footnotes":""},"class_list":["post-15153","page","type-page","status-publish","hentry","description-off"],"yoast_head":"<!-- This site is optimized with the Yoast SEO plugin v26.8 - https:\/\/yoast.com\/product\/yoast-seo-wordpress\/ -->\n<title>Normativa reservas - CEM Maresme<\/title>\n<meta name=\"description\" content=\"De conformitat amb el que s&#039;estableix en el Reglament (UE) 2016\/679 General de Protecci\u00f3 de Dades i en l&#039;article 22 de la Llei 34\/2002...\" \/>\n<meta name=\"robots\" content=\"noindex, nofollow\" \/>\n<meta property=\"og:locale\" content=\"es_ES\" \/>\n<meta property=\"og:type\" content=\"article\" \/>\n<meta property=\"og:title\" content=\"Normativa reservas - CEM Maresme\" \/>\n<meta property=\"og:description\" content=\"De conformitat amb el que s&#039;estableix en el Reglament (UE) 2016\/679 General de Protecci\u00f3 de Dades i en l&#039;article 22 de la Llei 34\/2002...\" \/>\n<meta property=\"og:url\" content=\"https:\/\/cemmaresme.com\/es\/normativa-reservas\/\" \/>\n<meta property=\"og:site_name\" content=\"CEM Maresme\" \/>\n<meta property=\"article:modified_time\" content=\"2023-02-09T08:14:48+00:00\" \/>\n<meta name=\"twitter:card\" content=\"summary_large_image\" \/>\n<meta name=\"twitter:label1\" content=\"Tiempo de lectura\" \/>\n\t<meta name=\"twitter:data1\" content=\"2 minutos\" \/>\n<script type=\"application\/ld+json\" class=\"yoast-schema-graph\">{\"@context\":\"https:\/\/schema.org\",\"@graph\":[{\"@type\":\"WebPage\",\"@id\":\"https:\/\/cemmaresme.com\/es\/normativa-reservas\/\",\"url\":\"https:\/\/cemmaresme.com\/es\/normativa-reservas\/\",\"name\":\"Normativa reservas - CEM Maresme\",\"isPartOf\":{\"@id\":\"https:\/\/cemmaresme.com\/es\/#website\"},\"datePublished\":\"2023-02-08T17:42:24+00:00\",\"dateModified\":\"2023-02-09T08:14:48+00:00\",\"description\":\"De conformitat amb el que s'estableix en el Reglament (UE) 2016\/679 General de Protecci\u00f3 de Dades i en l'article 22 de la Llei 34\/2002...\",\"breadcrumb\":{\"@id\":\"https:\/\/cemmaresme.com\/es\/normativa-reservas\/#breadcrumb\"},\"inLanguage\":\"es\",\"potentialAction\":[{\"@type\":\"ReadAction\",\"target\":[\"https:\/\/cemmaresme.com\/es\/normativa-reservas\/\"]}]},{\"@type\":\"BreadcrumbList\",\"@id\":\"https:\/\/cemmaresme.com\/es\/normativa-reservas\/#breadcrumb\",\"itemListElement\":[{\"@type\":\"ListItem\",\"position\":1,\"name\":\"Portada\",\"item\":\"https:\/\/cemmaresme.com\/es\/\"},{\"@type\":\"ListItem\",\"position\":2,\"name\":\"Normativa reservas\"}]},{\"@type\":\"WebSite\",\"@id\":\"https:\/\/cemmaresme.com\/es\/#website\",\"url\":\"https:\/\/cemmaresme.com\/es\/\",\"name\":\"CEM Maresme\",\"description\":\"CEM Maresme - Estem mols a prop teu!\",\"publisher\":{\"@id\":\"https:\/\/cemmaresme.com\/es\/#organization\"},\"potentialAction\":[{\"@type\":\"SearchAction\",\"target\":{\"@type\":\"EntryPoint\",\"urlTemplate\":\"https:\/\/cemmaresme.com\/es\/?s={search_term_string}\"},\"query-input\":{\"@type\":\"PropertyValueSpecification\",\"valueRequired\":true,\"valueName\":\"search_term_string\"}}],\"inLanguage\":\"es\"},{\"@type\":\"Organization\",\"@id\":\"https:\/\/cemmaresme.com\/es\/#organization\",\"name\":\"CDM Escuelas de San Ant\u00f3n\",\"url\":\"https:\/\/cemmaresme.com\/es\/\",\"logo\":{\"@type\":\"ImageObject\",\"inLanguage\":\"es\",\"@id\":\"https:\/\/cemmaresme.com\/es\/#\/schema\/logo\/image\/\",\"url\":\"https:\/\/cemmaresme.com\/wp-content\/uploads\/sites\/28\/2022\/01\/logo-maresme-horitzontal-online-web-desktop.png\",\"contentUrl\":\"https:\/\/cemmaresme.com\/wp-content\/uploads\/sites\/28\/2022\/01\/logo-maresme-horitzontal-online-web-desktop.png\",\"width\":235,\"height\":76,\"caption\":\"CDM Escuelas de San Ant\u00f3n\"},\"image\":{\"@id\":\"https:\/\/cemmaresme.com\/es\/#\/schema\/logo\/image\/\"}}]}<\/script>\n<!-- \/ Yoast SEO plugin. -->","yoast_head_json":{"title":"Normativa reservas - CEM Maresme","description":"De conformitat amb el que s'estableix en el Reglament (UE) 2016\/679 General de Protecci\u00f3 de Dades i en l'article 22 de la Llei 34\/2002...","robots":{"index":"noindex","follow":"nofollow"},"og_locale":"es_ES","og_type":"article","og_title":"Normativa reservas - CEM Maresme","og_description":"De conformitat amb el que s'estableix en el Reglament (UE) 2016\/679 General de Protecci\u00f3 de Dades i en l'article 22 de la Llei 34\/2002...","og_url":"https:\/\/cemmaresme.com\/es\/normativa-reservas\/","og_site_name":"CEM Maresme","article_modified_time":"2023-02-09T08:14:48+00:00","twitter_card":"summary_large_image","twitter_misc":{"Tiempo de lectura":"2 minutos"},"schema":{"@context":"https:\/\/schema.org","@graph":[{"@type":"WebPage","@id":"https:\/\/cemmaresme.com\/es\/normativa-reservas\/","url":"https:\/\/cemmaresme.com\/es\/normativa-reservas\/","name":"Normativa reservas - CEM Maresme","isPartOf":{"@id":"https:\/\/cemmaresme.com\/es\/#website"},"datePublished":"2023-02-08T17:42:24+00:00","dateModified":"2023-02-09T08:14:48+00:00","description":"De conformitat amb el que s'estableix en el Reglament (UE) 2016\/679 General de Protecci\u00f3 de Dades i en l'article 22 de la Llei 34\/2002...","breadcrumb":{"@id":"https:\/\/cemmaresme.com\/es\/normativa-reservas\/#breadcrumb"},"inLanguage":"es","potentialAction":[{"@type":"ReadAction","target":["https:\/\/cemmaresme.com\/es\/normativa-reservas\/"]}]},{"@type":"BreadcrumbList","@id":"https:\/\/cemmaresme.com\/es\/normativa-reservas\/#breadcrumb","itemListElement":[{"@type":"ListItem","position":1,"name":"Portada","item":"https:\/\/cemmaresme.com\/es\/"},{"@type":"ListItem","position":2,"name":"Normativa reservas"}]},{"@type":"WebSite","@id":"https:\/\/cemmaresme.com\/es\/#website","url":"https:\/\/cemmaresme.com\/es\/","name":"CEM Maresme","description":"CEM Maresme - Estem mols a prop teu!","publisher":{"@id":"https:\/\/cemmaresme.com\/es\/#organization"},"potentialAction":[{"@type":"SearchAction","target":{"@type":"EntryPoint","urlTemplate":"https:\/\/cemmaresme.com\/es\/?s={search_term_string}"},"query-input":{"@type":"PropertyValueSpecification","valueRequired":true,"valueName":"search_term_string"}}],"inLanguage":"es"},{"@type":"Organization","@id":"https:\/\/cemmaresme.com\/es\/#organization","name":"CDM Escuelas de San Ant\u00f3n","url":"https:\/\/cemmaresme.com\/es\/","logo":{"@type":"ImageObject","inLanguage":"es","@id":"https:\/\/cemmaresme.com\/es\/#\/schema\/logo\/image\/","url":"https:\/\/cemmaresme.com\/wp-content\/uploads\/sites\/28\/2022\/01\/logo-maresme-horitzontal-online-web-desktop.png","contentUrl":"https:\/\/cemmaresme.com\/wp-content\/uploads\/sites\/28\/2022\/01\/logo-maresme-horitzontal-online-web-desktop.png","width":235,"height":76,"caption":"CDM Escuelas de San Ant\u00f3n"},"image":{"@id":"https:\/\/cemmaresme.com\/es\/#\/schema\/logo\/image\/"}}]}},"_links":{"self":[{"href":"https:\/\/cemmaresme.com\/es\/wp-json\/wp\/v2\/pages\/15153","targetHints":{"allow":["GET"]}}],"collection":[{"href":"https:\/\/cemmaresme.com\/es\/wp-json\/wp\/v2\/pages"}],"about":[{"href":"https:\/\/cemmaresme.com\/es\/wp-json\/wp\/v2\/types\/page"}],"author":[{"embeddable":true,"href":"https:\/\/cemmaresme.com\/es\/wp-json\/wp\/v2\/users\/67"}],"replies":[{"embeddable":true,"href":"https:\/\/cemmaresme.com\/es\/wp-json\/wp\/v2\/comments?post=15153"}],"version-history":[{"count":0,"href":"https:\/\/cemmaresme.com\/es\/wp-json\/wp\/v2\/pages\/15153\/revisions"}],"wp:attachment":[{"href":"https:\/\/cemmaresme.com\/es\/wp-json\/wp\/v2\/media?parent=15153"}],"curies":[{"name":"wp","href":"https:\/\/api.w.org\/{rel}","templated":true}]}}