{"id":1390,"date":"2017-09-22T12:00:01","date_gmt":"2017-09-22T12:00:01","guid":{"rendered":"https:\/\/maresme.cet10.com\/?page_id=1390"},"modified":"2025-04-04T09:32:32","modified_gmt":"2025-04-04T07:32:32","slug":"padel-app","status":"publish","type":"page","link":"https:\/\/cemmaresme.com\/es\/padel-app\/","title":{"rendered":"App Matchpoint"},"content":{"rendered":"<div class=\"wpb-content-wrapper\"><p>[vc_row full_width=\u00bbstretch_row_content_no_spaces\u00bb css=\u00bb.vc_custom_1694614055472{background-image: url(https:\/\/cemmaresme.com\/wp-content\/uploads\/sites\/28\/2023\/09\/MRM-padel-1.webp?id=19905) !important;background-position: center !important;background-repeat: no-repeat !important;background-size: cover !important;}\u00bb][vc_column offset=\u00bbvc_hidden-xs\u00bb][vc_custom_heading text=\u00bb\u00a1Reserva tu pista en nuestra APP!\u00bb font_container=\u00bbtag:h1|font_size:50px|text_align:center|color:%23ffffff|line_height:60px\u00bb use_theme_fonts=\u00bbyes\u00bb css=\u00bb.vc_custom_1694613778319{padding-top: 151px !important;padding-bottom: 160px !important;}\u00bb][\/vc_column][\/vc_row][vc_row full_width=\u00bbstretch_row_content_no_spaces\u00bb css=\u00bb.vc_custom_1694614065535{background-image: url(https:\/\/cemmaresme.com\/wp-content\/uploads\/sites\/28\/2023\/09\/MRM-padel-1.webp?id=19905) !important;background-position: center !important;background-repeat: no-repeat !important;background-size: cover !important;}\u00bb][vc_column offset=\u00bbvc_hidden-lg vc_hidden-md vc_hidden-sm\u00bb css=\u00bb.vc_custom_1678193107420{margin-bottom: -10px !important;}\u00bb][vc_column_text css=\u00bb.vc_custom_1694613790465{padding-top: 90px !important;padding-bottom: 90px !important;}\u00bb]<\/p>\n<p style=\"text-align: center; font-family: Roboto; font-size: 35px; line-height: 40px;\"><span style=\"color: #ffffff;\"><strong>\u00a1Reserva tu pista<br \/>\nen nuestra APP!<\/strong><\/span><\/p>\n<p>[\/vc_column_text][\/vc_column][\/vc_row][vc_row][vc_column][vc_custom_heading text=\u00bbDesc\u00e1rgate la APP del CEM Maresme para reservar pista&#8230; \u00a1y mucho m\u00e1s!\u00bb use_theme_fonts=\u00bbyes\u00bb][vc_empty_space][\/vc_column][\/vc_row][vc_row][vc_column width=\u00bb1\/4&#8243; offset=\u00bbvc_hidden-xs\u00bb][vc_single_image image=\u00bb12294&#8243; img_size=\u00bb225&#215;400&#8243;][\/vc_column][vc_column width=\u00bb1\/4&#8243;][vc_row_inner][vc_column_inner offset=\u00bbvc_hidden-xs\u00bb][vc_column_text]<span style=\"font-size: 24pt;\"><strong>\u00a1DESC\u00c1RGATE LA APP EN MENOS DE 1 MINUTO!<\/strong><\/span>[\/vc_column_text][\/vc_column_inner][\/vc_row_inner][vc_single_image image=\u00bb1187&#8243; img_size=\u00bbfull\u00bb onclick=\u00bbcustom_link\u00bb link=\u00bbhttps:\/\/apps.apple.com\/es\/app\/playtomic\/id1242321076&#8243;][vc_single_image image=\u00bb1188&#8243; img_size=\u00bbfull\u00bb onclick=\u00bbcustom_link\u00bb link=\u00bbhttps:\/\/play.google.com\/store\/apps\/details?id=com.playtomic&amp;gl=ES\u00bb][\/vc_column][vc_column width=\u00bb1\/4&#8243;][vc_column_text]En el CEM Maresme podr\u00e1s reservar pista de una manera muy c\u00f3moda gracias a nuestra plataforma mejorada y a nuestra App. Esta puedes encontrarla tanto en <a href=\"https:\/\/play.google.com\/store\/apps\/details?id=com.playtomic&amp;gl=ES\">Google Play<\/a> como en la <a href=\"https:\/\/apps.apple.com\/es\/app\/playtomic\/id1242321076\">App Store.<\/a><\/p>\n<p>Podr\u00e1s reservar pista, participar en el sistema play o informarte de las \u00faltimas novedades, entre otras cosas.<\/p>\n<p>\u00a1No esperes m\u00e1s y desc\u00e1rgate de forma gratuita la App de P\u00e1del de CEM Maresme!<\/p>\n<p>Si quieres conocer m\u00e1s sobre nuestras pistas de p\u00e1del y cursos para adultos y ni\u00f1os\/as,\u00a0<a href=\"https:\/\/cemmaresme.com\/es\/padel-maresme\/\">clica aqu\u00ed<\/a>.[\/vc_column_text][\/vc_column][vc_column width=\u00bb1\/4&#8243; offset=\u00bbvc_hidden-xs\u00bb][vc_single_image image=\u00bb12296&#8243; img_size=\u00bb225&#215;400&#8243;][\/vc_column][\/vc_row][vc_row][vc_column offset=\u00bbvc_hidden-lg vc_hidden-md vc_hidden-sm\u00bb][vc_single_image image=\u00bb12294&#8243; img_size=\u00bbfull\u00bb][vc_single_image image=\u00bb12296&#8243; img_size=\u00bbfull\u00bb][\/vc_column][\/vc_row][vc_row][vc_column][vc_raw_html]JTNDYSUyMGhyZWYlM0QlMjJodHRwcyUzQSUyRiUyRndhLm1lJTJGMzQ2NTY4ODMwMTAlM0YlMjIlMjBjbGFzcyUzRCUyMmZsb2F0LXdhJTIyJTIwdGFyZ2V0JTNEJTIyX2JsYW5rJTIyJTNFJTBBJTIwJTIwJTIwJTIwJTNDaSUyMGNsYXNzJTNEJTIyZmElMjBmYS13aGF0c2FwcCUyMiUyMHN0eWxlJTNEJTIybWFyZ2luLXRvcCUzQTE2cHglM0IlMjIlM0UlM0MlMkZpJTNFJTBBJTNDJTJGYSUzRQ==[\/vc_raw_html][\/vc_column][\/vc_row]<\/p>\n<\/div>","protected":false},"excerpt":{"rendered":"<p>[vc_row full_width=\u00bbstretch_row_content_no_spaces\u00bb css=\u00bb.vc_custom_1694614055472{background-image: url(https:\/\/cemmaresme.com\/wp-content\/uploads\/sites\/28\/2023\/09\/MRM-padel-1.webp?id=19905) !important;background-position: center !important;background-repeat: no-repeat !important;background-size: cover !important;}\u00bb][vc_column offset=\u00bbvc_hidden-xs\u00bb][vc_custom_heading text=\u00bb\u00a1Reserva tu pista en nuestra APP!\u00bb font_container=\u00bbtag:h1|font_size:50px|text_align:center|color:%23ffffff|line_height:60px\u00bb use_theme_fonts=\u00bbyes\u00bb css=\u00bb.vc_custom_1694613778319{padding-top: 151px !important;padding-bottom: 160px !important;}\u00bb][\/vc_column][\/vc_row][vc_row full_width=\u00bbstretch_row_content_no_spaces\u00bb css=\u00bb.vc_custom_1694614065535{background-image: url(https:\/\/cemmaresme.com\/wp-content\/uploads\/sites\/28\/2023\/09\/MRM-padel-1.webp?id=19905) !important;background-position: center !important;background-repeat: no-repeat !important;background-size: cover !important;}\u00bb][vc_column offset=\u00bbvc_hidden-lg vc_hidden-md vc_hidden-sm\u00bb css=\u00bb.vc_custom_1678193107420{margin-bottom: -10px !important;}\u00bb][vc_column_text css=\u00bb.vc_custom_1694613790465{padding-top: 90px !important;padding-bottom: 90px !important;}\u00bb] \u00a1Reserva tu pista en nuestra APP! [\/vc_column_text][\/vc_column][\/vc_row][vc_row][vc_column][vc_custom_heading text=\u00bbDesc\u00e1rgate la&hellip;<\/p>\n","protected":false},"author":4,"featured_media":0,"parent":0,"menu_order":0,"comment_status":"closed","ping_status":"closed","template":"","meta":{"footnotes":""},"class_list":["post-1390","page","type-page","status-publish","hentry","description-off"],"yoast_head":"<!-- This site is optimized with the Yoast SEO plugin v26.8 - https:\/\/yoast.com\/product\/yoast-seo-wordpress\/ -->\n<title>App CEM Maresme - Desc\u00e1rgate nuestra app y reserva tu pista de p\u00e1del!<\/title>\n<meta name=\"description\" content=\"App CEM Maresme: En el CEM Maresme podr\u00e1s reservar pista de una manera muy c\u00f3moda gracias a nuestra plataforma mejorada y a nuestra App.\" \/>\n<meta name=\"robots\" content=\"index, follow, max-snippet:-1, max-image-preview:large, max-video-preview:-1\" \/>\n<link rel=\"canonical\" href=\"https:\/\/cemmaresme.com\/es\/padel-app\/\" \/>\n<meta property=\"og:locale\" content=\"es_ES\" \/>\n<meta property=\"og:type\" content=\"article\" \/>\n<meta property=\"og:title\" content=\"App CEM Maresme - Desc\u00e1rgate nuestra app y reserva tu pista de p\u00e1del!\" \/>\n<meta property=\"og:description\" content=\"App CEM Maresme: En el CEM Maresme podr\u00e1s reservar pista de una manera muy c\u00f3moda gracias a nuestra plataforma mejorada y a nuestra App.\" \/>\n<meta property=\"og:url\" content=\"https:\/\/cemmaresme.com\/es\/padel-app\/\" \/>\n<meta property=\"og:site_name\" content=\"CEM Maresme\" \/>\n<meta property=\"article:modified_time\" content=\"2025-04-04T07:32:32+00:00\" \/>\n<meta name=\"twitter:card\" content=\"summary_large_image\" \/>\n<meta name=\"twitter:label1\" content=\"Tiempo de lectura\" \/>\n\t<meta name=\"twitter:data1\" content=\"1 minuto\" \/>\n<script type=\"application\/ld+json\" class=\"yoast-schema-graph\">{\"@context\":\"https:\/\/schema.org\",\"@graph\":[{\"@type\":\"WebPage\",\"@id\":\"https:\/\/cemmaresme.com\/es\/padel-app\/\",\"url\":\"https:\/\/cemmaresme.com\/es\/padel-app\/\",\"name\":\"App CEM Maresme - Desc\u00e1rgate nuestra app y reserva tu pista de p\u00e1del!\",\"isPartOf\":{\"@id\":\"https:\/\/cemmaresme.com\/es\/#website\"},\"datePublished\":\"2017-09-22T12:00:01+00:00\",\"dateModified\":\"2025-04-04T07:32:32+00:00\",\"description\":\"App CEM Maresme: En el CEM Maresme podr\u00e1s reservar pista de una manera muy c\u00f3moda gracias a nuestra plataforma mejorada y a nuestra App.\",\"breadcrumb\":{\"@id\":\"https:\/\/cemmaresme.com\/es\/padel-app\/#breadcrumb\"},\"inLanguage\":\"es\",\"potentialAction\":[{\"@type\":\"ReadAction\",\"target\":[\"https:\/\/cemmaresme.com\/es\/padel-app\/\"]}]},{\"@type\":\"BreadcrumbList\",\"@id\":\"https:\/\/cemmaresme.com\/es\/padel-app\/#breadcrumb\",\"itemListElement\":[{\"@type\":\"ListItem\",\"position\":1,\"name\":\"Portada\",\"item\":\"https:\/\/cemmaresme.com\/es\/\"},{\"@type\":\"ListItem\",\"position\":2,\"name\":\"App Matchpoint\"}]},{\"@type\":\"WebSite\",\"@id\":\"https:\/\/cemmaresme.com\/es\/#website\",\"url\":\"https:\/\/cemmaresme.com\/es\/\",\"name\":\"CEM Maresme\",\"description\":\"CEM Maresme - Estem mols a prop teu!\",\"publisher\":{\"@id\":\"https:\/\/cemmaresme.com\/es\/#organization\"},\"potentialAction\":[{\"@type\":\"SearchAction\",\"target\":{\"@type\":\"EntryPoint\",\"urlTemplate\":\"https:\/\/cemmaresme.com\/es\/?s={search_term_string}\"},\"query-input\":{\"@type\":\"PropertyValueSpecification\",\"valueRequired\":true,\"valueName\":\"search_term_string\"}}],\"inLanguage\":\"es\"},{\"@type\":\"Organization\",\"@id\":\"https:\/\/cemmaresme.com\/es\/#organization\",\"name\":\"CDM Escuelas de San Ant\u00f3n\",\"url\":\"https:\/\/cemmaresme.com\/es\/\",\"logo\":{\"@type\":\"ImageObject\",\"inLanguage\":\"es\",\"@id\":\"https:\/\/cemmaresme.com\/es\/#\/schema\/logo\/image\/\",\"url\":\"https:\/\/cemmaresme.com\/wp-content\/uploads\/sites\/28\/2022\/01\/logo-maresme-horitzontal-online-web-desktop.png\",\"contentUrl\":\"https:\/\/cemmaresme.com\/wp-content\/uploads\/sites\/28\/2022\/01\/logo-maresme-horitzontal-online-web-desktop.png\",\"width\":235,\"height\":76,\"caption\":\"CDM Escuelas de San Ant\u00f3n\"},\"image\":{\"@id\":\"https:\/\/cemmaresme.com\/es\/#\/schema\/logo\/image\/\"}}]}<\/script>\n<!-- \/ Yoast SEO plugin. -->","yoast_head_json":{"title":"App CEM Maresme - Desc\u00e1rgate nuestra app y reserva tu pista de p\u00e1del!","description":"App CEM Maresme: En el CEM Maresme podr\u00e1s reservar pista de una manera muy c\u00f3moda gracias a nuestra plataforma mejorada y a nuestra App.","robots":{"index":"index","follow":"follow","max-snippet":"max-snippet:-1","max-image-preview":"max-image-preview:large","max-video-preview":"max-video-preview:-1"},"canonical":"https:\/\/cemmaresme.com\/es\/padel-app\/","og_locale":"es_ES","og_type":"article","og_title":"App CEM Maresme - Desc\u00e1rgate nuestra app y reserva tu pista de p\u00e1del!","og_description":"App CEM Maresme: En el CEM Maresme podr\u00e1s reservar pista de una manera muy c\u00f3moda gracias a nuestra plataforma mejorada y a nuestra App.","og_url":"https:\/\/cemmaresme.com\/es\/padel-app\/","og_site_name":"CEM Maresme","article_modified_time":"2025-04-04T07:32:32+00:00","twitter_card":"summary_large_image","twitter_misc":{"Tiempo de lectura":"1 minuto"},"schema":{"@context":"https:\/\/schema.org","@graph":[{"@type":"WebPage","@id":"https:\/\/cemmaresme.com\/es\/padel-app\/","url":"https:\/\/cemmaresme.com\/es\/padel-app\/","name":"App CEM Maresme - Desc\u00e1rgate nuestra app y reserva tu pista de p\u00e1del!","isPartOf":{"@id":"https:\/\/cemmaresme.com\/es\/#website"},"datePublished":"2017-09-22T12:00:01+00:00","dateModified":"2025-04-04T07:32:32+00:00","description":"App CEM Maresme: En el CEM Maresme podr\u00e1s reservar pista de una manera muy c\u00f3moda gracias a nuestra plataforma mejorada y a nuestra App.","breadcrumb":{"@id":"https:\/\/cemmaresme.com\/es\/padel-app\/#breadcrumb"},"inLanguage":"es","potentialAction":[{"@type":"ReadAction","target":["https:\/\/cemmaresme.com\/es\/padel-app\/"]}]},{"@type":"BreadcrumbList","@id":"https:\/\/cemmaresme.com\/es\/padel-app\/#breadcrumb","itemListElement":[{"@type":"ListItem","position":1,"name":"Portada","item":"https:\/\/cemmaresme.com\/es\/"},{"@type":"ListItem","position":2,"name":"App Matchpoint"}]},{"@type":"WebSite","@id":"https:\/\/cemmaresme.com\/es\/#website","url":"https:\/\/cemmaresme.com\/es\/","name":"CEM Maresme","description":"CEM Maresme - Estem mols a prop teu!","publisher":{"@id":"https:\/\/cemmaresme.com\/es\/#organization"},"potentialAction":[{"@type":"SearchAction","target":{"@type":"EntryPoint","urlTemplate":"https:\/\/cemmaresme.com\/es\/?s={search_term_string}"},"query-input":{"@type":"PropertyValueSpecification","valueRequired":true,"valueName":"search_term_string"}}],"inLanguage":"es"},{"@type":"Organization","@id":"https:\/\/cemmaresme.com\/es\/#organization","name":"CDM Escuelas de San Ant\u00f3n","url":"https:\/\/cemmaresme.com\/es\/","logo":{"@type":"ImageObject","inLanguage":"es","@id":"https:\/\/cemmaresme.com\/es\/#\/schema\/logo\/image\/","url":"https:\/\/cemmaresme.com\/wp-content\/uploads\/sites\/28\/2022\/01\/logo-maresme-horitzontal-online-web-desktop.png","contentUrl":"https:\/\/cemmaresme.com\/wp-content\/uploads\/sites\/28\/2022\/01\/logo-maresme-horitzontal-online-web-desktop.png","width":235,"height":76,"caption":"CDM Escuelas de San Ant\u00f3n"},"image":{"@id":"https:\/\/cemmaresme.com\/es\/#\/schema\/logo\/image\/"}}]}},"_links":{"self":[{"href":"https:\/\/cemmaresme.com\/es\/wp-json\/wp\/v2\/pages\/1390","targetHints":{"allow":["GET"]}}],"collection":[{"href":"https:\/\/cemmaresme.com\/es\/wp-json\/wp\/v2\/pages"}],"about":[{"href":"https:\/\/cemmaresme.com\/es\/wp-json\/wp\/v2\/types\/page"}],"author":[{"embeddable":true,"href":"https:\/\/cemmaresme.com\/es\/wp-json\/wp\/v2\/users\/4"}],"replies":[{"embeddable":true,"href":"https:\/\/cemmaresme.com\/es\/wp-json\/wp\/v2\/comments?post=1390"}],"version-history":[{"count":0,"href":"https:\/\/cemmaresme.com\/es\/wp-json\/wp\/v2\/pages\/1390\/revisions"}],"wp:attachment":[{"href":"https:\/\/cemmaresme.com\/es\/wp-json\/wp\/v2\/media?parent=1390"}],"curies":[{"name":"wp","href":"https:\/\/api.w.org\/{rel}","templated":true}]}}